{"id":102,"date":"2022-04-01T07:20:11","date_gmt":"2022-04-01T05:20:11","guid":{"rendered":"https:\/\/vrtecpriosjakobskidol.splet.arnes.si\/?page_id=102"},"modified":"2026-03-30T20:05:32","modified_gmt":"2026-03-30T18:05:32","slug":"o-vrtcu","status":"publish","type":"page","link":"https:\/\/vrtecpriosjakobskidol.splet.arnes.si\/?page_id=102","title":{"rendered":"O vrtcu"},"content":{"rendered":"\r\n<figure class=\"wp-block-image is-resized\"><img loading=\"lazy\" decoding=\"async\" class=\"aligncenter\" src=\"http:\/\/osjakobskidol.splet.arnes.si\/files\/2019\/09\/vrtec_os_jd.jpg\" alt=\"\" width=\"768\" height=\"217\"\/><\/figure>\r\n\r\n\r\n\r\n<ol>\r\n<li><strong>ORGANIZACIJA VRTCA<\/strong><\/li>\r\n<\/ol>\r\n<p><strong>TELEFONSKA \u0160TEVILKA VRTCA:<\/strong> 02\/ 729-58-03&nbsp; &nbsp; &nbsp; &nbsp; &nbsp; &nbsp; &nbsp; &nbsp; &nbsp; &nbsp; &nbsp; &nbsp; &nbsp; &nbsp; &nbsp; &nbsp; &nbsp; &nbsp; &nbsp; &nbsp; &nbsp; &nbsp; &nbsp; &nbsp; &nbsp; &nbsp; &nbsp; &nbsp; &nbsp; &nbsp; &nbsp; &nbsp; &nbsp; &nbsp;&nbsp;<\/p>\r\n<p><strong>Ravnateljica \u0161ole:<\/strong> Zdenka Ekselenski, profesorica<\/p>\r\n<p><strong>Pomo\u010dnica ravnateljice&nbsp; v vrtcu:<\/strong>&nbsp;Gorjup Valerija, dipl.,vzg.<\/p>\r\n<p><strong>Svetovalna slu\u017eba v vrtcu:<\/strong> Alenka Boro\u0161ak, Ma\u0161a Repi\u010d, pedagoginji<\/p>\r\n<p><strong>Vzgojitelj za zgodnjo obravnavo:<\/strong> Ma\u0161a Repi\u010d, pedagoginja, Andrej Fekonja, u\u010ditelj<\/p>\r\n<p>&nbsp;<\/p>\r\n<p>VRTEC JE ODPRT OD 6.00 DO 16.00 URE.<br \/><br \/>V \u0161ol. letu 2025 \/ 26 imamo v vrtec vpisanih&nbsp; 61 otrok, ki so razporejeni v 4 starostne skupine:&nbsp;<\/p>\r\n<p><strong>PRVO STAROSTNO OBDOBJE (1 &#8211; 3 LET)<\/strong><\/p>\r\n<ul>\r\n<li><strong>SKUPINA ZVEZDICE: ( 1-2 leti),<\/strong> 13 otrok<\/li>\r\n<\/ul>\r\n<p>Vzgojiteljica: Cirila Robi\u010d, dipl.,vzg.<\/p>\r\n<p>Vzgojiteljica \/pomo\u010dnica: Gabrijela Dvor\u0161ak<\/p>\r\n<p>Spremljevalka: Anja Gorjup<\/p>\r\n<ul>\r\n<li><strong>SKUPINA SON\u010cKI: ( 2 LETI), <\/strong>10 OTROK<\/li>\r\n<\/ul>\r\n<p>Vzgojiteljica: Jasmina Rodo\u0161ek, dipl.,vzg.<\/p>\r\n<p>Vzgojiteljica \/pomo\u010dnica: Denisa Lon\u010dari\u010d<\/p>\r\n<p><strong>DRUGO STAROSTNO OBDOBJE ( 3-6 LET)<\/strong><\/p>\r\n<ul>\r\n<li><strong>SKUPINA RO\u017dICE ( 3-4 LETA),<\/strong> 17 OTROK<\/li>\r\n<\/ul>\r\n<p>Vzgojiteljica: Valerija Gorjup, dipl.,vzg.<\/p>\r\n<p>Vzgojiteljica \/pomo\u010dnica: Marija Miklavc, nadome\u0161\u010da Nives Pridigar<\/p>\r\n<ul>\r\n<li><strong>SKUPINA SOVICE (od 4-6 LET):<\/strong> 21 otrok<\/li>\r\n<\/ul>\r\n<p>Vzgojiteljica: Alenka Petek, dipl.,vzg.<\/p>\r\n<p>Vzgojiteljica \/pomo\u010dnica: Irena Keuschler<\/p>\r\n<p>&nbsp;<\/p>\r\n<ol start=\"2\">\r\n<li><strong>DNEVNI RED VRTCA<\/strong><\/li>\r\n<\/ol>\r\n<table>\r\n<tbody>\r\n<tr>\r\n<td width=\"113\">\r\n<p><strong>\u010cAS<\/strong><\/p>\r\n<\/td>\r\n<td width=\"198\">\r\n<p><strong>DEJAVNOST<\/strong><\/p>\r\n<\/td>\r\n<td width=\"293\">\r\n<p><strong>OPIS DEJAVNOSTI<\/strong><\/p>\r\n<\/td>\r\n<\/tr>\r\n<tr>\r\n<td width=\"113\">\r\n<p>6.00 \u2013 7.30<\/p>\r\n<\/td>\r\n<td width=\"198\">\r\n<p>Sprejem otrok.<\/p>\r\n<\/td>\r\n<td width=\"293\">\r\n<p>Otroci se zbirajo v&nbsp; oddelku Zvezdic, kjer poteka igra v koti\u010dkih.<\/p>\r\n<\/td>\r\n<\/tr>\r\n<tr>\r\n<td width=\"113\">\r\n<p>7.30 \u2013 8.15<\/p>\r\n<\/td>\r\n<td width=\"198\">\r\n<p>Odhodi v igralnice, igre v koti\u010dkih.<\/p>\r\n<\/td>\r\n<td width=\"293\">\r\n<p>Otroci gredo z vzgojiteljico &nbsp;v svojo igralnico, kjer nadaljujejo igro po koti\u010dkih, izvajajo se tudi individualne dejavnosti z otroki.<\/p>\r\n<\/td>\r\n<\/tr>\r\n<tr>\r\n<td width=\"113\">\r\n<p>8.15 \u2013 9.10<\/p>\r\n<\/td>\r\n<td width=\"198\">\r\n<p>Priprava na zajtrk, zajtrk, nega, umivanje zob.<\/p>\r\n<\/td>\r\n<td width=\"293\">\r\n<p>Otroci si umijejo roke. V skupinah 2. starostnega obdobja otroci \u017ee sodelujejo pri pripravi miz. Dolo\u010dijo se de\u017eurni otroci, ki skrbijo za razdeljevanje pribora, skodelic, prti\u010dkov, brisanje miz. Sledi zajtrk, po zajtrku nega, umivanje zob.<\/p>\r\n<\/td>\r\n<\/tr>\r\n<tr>\r\n<td width=\"113\">\r\n<p>9.10 \u2013 9.20<\/p>\r\n<\/td>\r\n<td width=\"198\">\r\n<p>Jutranje razgibavanje.<\/p>\r\n<\/td>\r\n<td width=\"293\">\r\n<p>Zberemo se v krog in izvajamo vaje za razgibavanje celotnega telesa, gibalne igre\u2026.<\/p>\r\n<\/td>\r\n<\/tr>\r\n<tr>\r\n<td width=\"113\">\r\n<p>9.20 \u2013 9.30<\/p>\r\n<\/td>\r\n<td width=\"198\">\r\n<p>Jutranji krog.<\/p>\r\n<\/td>\r\n<td width=\"293\">\r\n<p>Sledi jutranji krog.<\/p>\r\n<p>Z otroki se usedemo na blazine ali stole, pogledamo, kdo je v vrtcu, se pogovorimo, kako se po\u010dutimo, ozna\u010dimo vreme, dan v tednu\u2026<\/p>\r\n<\/td>\r\n<\/tr>\r\n<tr>\r\n<td width=\"113\">\r\n<p>9.30 \u2013 10.15<\/p>\r\n<\/td>\r\n<td width=\"198\">\r\n<p>Na\u010drtovane dejavnosti.<\/p>\r\n<\/td>\r\n<td width=\"293\">\r\n<p>Otroci se vklju\u010dujejo v na\u010drtovane dejavnosti.<\/p>\r\n<\/td>\r\n<\/tr>\r\n<tr>\r\n<td width=\"113\">\r\n<p>10.15 \u2013 10.20<\/p>\r\n<\/td>\r\n<td width=\"198\">\r\n<p>Malica, bivanje na prostem.<\/p>\r\n<\/td>\r\n<td width=\"293\">\r\n<p>Otroci imajo sadno malico. Vzgojiteljica \/pomo\u010dnica pripravi sadno malico, ki jo otroci pojedo pri mizah.<\/p>\r\n<\/td>\r\n<\/tr>\r\n<tr>\r\n<td width=\"113\">\r\n<p>11.20 \u2013 12.00<\/p>\r\n<\/td>\r\n<td width=\"198\">\r\n<p>Priprava na kosilo, kosilo, nega, priprava na po\u010ditek.<\/p>\r\n<\/td>\r\n<td width=\"293\">\r\n<p>Otroci sodelujejo pri pripravi na kosilo. Sledi kosilo, nega, priprava na po\u010ditek, umirjene ali interesne dejavnosti.<\/p>\r\n<\/td>\r\n<\/tr>\r\n<tr>\r\n<td width=\"113\">\r\n<p>12.00 \u2013 13.30<\/p>\r\n<\/td>\r\n<td width=\"198\">\r\n<p>Po\u010ditek, umirjene dejavnosti.<\/p>\r\n<\/td>\r\n<td width=\"293\">\r\n<p>Otroci poslu\u0161ajo umirjeno instrumentalno glasbo, glasbene pravljice, poslu\u0161ajo branje pravljic. Otrokom, ki ne \u017eelijo spati, se pripravijo umirjene dejavnosti pri mizah.<\/p>\r\n<\/td>\r\n<\/tr>\r\n<tr>\r\n<td width=\"113\">\r\n<p>13.30 \u2013 14.00<\/p>\r\n<\/td>\r\n<td width=\"198\">\r\n<p>Nega po po\u010ditku, popoldanska malica.<\/p>\r\n<\/td>\r\n<td width=\"293\">\r\n<p>Prebujanje, pospravljanje igralnice, priprava na malico, osebna higiena, popoldanska malica.<\/p>\r\n<\/td>\r\n<\/tr>\r\n<tr>\r\n<td width=\"113\">\r\n<p>14.00 \u2013 15.00<\/p>\r\n<\/td>\r\n<td width=\"198\">\r\n<p>Igra po koti\u010dkih po \u017eelji otrok, bivanje na prostem, odhodi otrok domov.<\/p>\r\n<\/td>\r\n<td width=\"293\">\r\n<p>Igre v koti\u010dkih v igralnici ali na vrt\u010devskem igri\u0161\u010du, individualne dejavnosti z otroki.<\/p>\r\n<\/td>\r\n<\/tr>\r\n<tr>\r\n<td width=\"113\">\r\n<p>15.00 \u2013 16.00<\/p>\r\n<\/td>\r\n<td width=\"198\">\r\n<p>Bivanje na prostem, odhodi otrok domov.<\/p>\r\n<\/td>\r\n<td width=\"293\">\r\n<p>Zdru\u017eevanje&nbsp; skupin v skupini Zvezdic, individualne igre, igra na prostem, odhodi otrok domov.<\/p>\r\n<\/td>\r\n<\/tr>\r\n<\/tbody>\r\n<\/table>\r\n<p><strong>&nbsp;<\/strong><\/p>\r\n<p><strong>&nbsp;<\/strong><\/p>\r\n<p>&nbsp;<\/p>\r\n<p>&nbsp;<\/p>\r\n<p>&nbsp;<\/p>\r\n<p>&nbsp;<\/p>\r\n<p>&nbsp;<\/p>\r\n\r\n\r\n","protected":false},"excerpt":{"rendered":"<p>ORGANIZACIJA VRTCA TELEFONSKA \u0160TEVILKA VRTCA: 02\/ 729-58-03&nbsp; &nbsp; &nbsp; &nbsp; &nbsp; &nbsp; &nbsp; &nbsp; &nbsp; &nbsp; &nbsp; &nbsp; &nbsp; &nbsp; &nbsp; &nbsp; &nbsp; &nbsp; &nbsp; &nbsp; &nbsp; &nbsp; &nbsp; &nbsp; &nbsp; &nbsp; &nbsp; &nbsp; &nbsp; &nbsp; &nbsp; &nbsp; &nbsp; &nbsp;&nbsp; Ravnateljica \u0161ole: Zdenka Ekselenski, profesorica Pomo\u010dnica ravnateljice&nbsp; v vrtcu:&nbsp;Gorjup Valerija, dipl.,vzg. Svetovalna slu\u017eba v vrtcu: [&hellip;]<\/p>\n","protected":false},"author":91830,"featured_media":0,"parent":0,"menu_order":2,"comment_status":"closed","ping_status":"closed","template":"","meta":{"_et_pb_use_builder":"","_et_pb_old_content":"","_et_gb_content_width":"","ngg_post_thumbnail":0,"footnotes":""},"class_list":["post-102","page","type-page","status-publish","hentry"],"_links":{"self":[{"href":"https:\/\/vrtecpriosjakobskidol.splet.arnes.si\/index.php?rest_route=\/wp\/v2\/pages\/102","targetHints":{"allow":["GET"]}}],"collection":[{"href":"https:\/\/vrtecpriosjakobskidol.splet.arnes.si\/index.php?rest_route=\/wp\/v2\/pages"}],"about":[{"href":"https:\/\/vrtecpriosjakobskidol.splet.arnes.si\/index.php?rest_route=\/wp\/v2\/types\/page"}],"author":[{"embeddable":true,"href":"https:\/\/vrtecpriosjakobskidol.splet.arnes.si\/index.php?rest_route=\/wp\/v2\/users\/91830"}],"replies":[{"embeddable":true,"href":"https:\/\/vrtecpriosjakobskidol.splet.arnes.si\/index.php?rest_route=%2Fwp%2Fv2%2Fcomments&post=102"}],"version-history":[{"count":16,"href":"https:\/\/vrtecpriosjakobskidol.splet.arnes.si\/index.php?rest_route=\/wp\/v2\/pages\/102\/revisions"}],"predecessor-version":[{"id":33700,"href":"https:\/\/vrtecpriosjakobskidol.splet.arnes.si\/index.php?rest_route=\/wp\/v2\/pages\/102\/revisions\/33700"}],"wp:attachment":[{"href":"https:\/\/vrtecpriosjakobskidol.splet.arnes.si\/index.php?rest_route=%2Fwp%2Fv2%2Fmedia&parent=102"}],"curies":[{"name":"wp","href":"https:\/\/api.w.org\/{rel}","templated":true}]}}