{"id":127,"date":"2022-04-01T07:39:58","date_gmt":"2022-04-01T05:39:58","guid":{"rendered":"https:\/\/vrtecpriosjakobskidol.splet.arnes.si\/?page_id=127"},"modified":"2026-04-02T21:32:38","modified_gmt":"2026-04-02T19:32:38","slug":"skupina-rozice","status":"publish","type":"page","link":"https:\/\/vrtecpriosjakobskidol.splet.arnes.si\/?page_id=127","title":{"rendered":"Skupina Ro\u017eice"},"content":{"rendered":"\r\n<div class=\"wp-block-image\">\r\n<figure class=\"aligncenter size-large is-resized\"><img loading=\"lazy\" decoding=\"async\" class=\"wp-image-128\" src=\"https:\/\/vrtecpriosjakobskidol.splet.arnes.si\/files\/2022\/04\/SKUPINA-ZVEZDICE-1-1024x577.png\" alt=\"\" width=\"768\" height=\"432\" srcset=\"https:\/\/vrtecpriosjakobskidol.splet.arnes.si\/files\/2022\/04\/SKUPINA-ZVEZDICE-1-1024x577.png 1024w, https:\/\/vrtecpriosjakobskidol.splet.arnes.si\/files\/2022\/04\/SKUPINA-ZVEZDICE-1-300x169.png 300w, https:\/\/vrtecpriosjakobskidol.splet.arnes.si\/files\/2022\/04\/SKUPINA-ZVEZDICE-1-768x433.png 768w, https:\/\/vrtecpriosjakobskidol.splet.arnes.si\/files\/2022\/04\/SKUPINA-ZVEZDICE-1-1536x865.png 1536w, https:\/\/vrtecpriosjakobskidol.splet.arnes.si\/files\/2022\/04\/SKUPINA-ZVEZDICE-1.png 1640w\" sizes=\"(max-width: 768px) 100vw, 768px\" \/><\/figure>\r\n<\/div>\r\n\r\n\r\n\r\n<h5 class=\"wp-block-heading\" style=\"font-size: 25px\"><strong>2. DRUGO STAROSTNO OBDOBJE (3<em>\u2013<\/em><\/strong><strong>4 LET)<br \/><br \/>* Vzgojiteljica: Valerija Gorjup<br \/>* Pomo\u010dnica vzgojiteljice: Marija Miklavc\/ Nives Pridigar<br \/><\/strong><\/h5>\r\n<p>&nbsp;<\/p>\r\n<h1 style=\"text-align: center\">\u0160OLSKO LETO 2025\/2026<\/h1>\r\n<p style=\"text-align: center\"><strong>KO SE PREPLETATA MLADOST IN MODROST<\/strong><\/p>\r\nngg_shortcode_0_placeholder\r\n<p style=\"text-align: center\"><strong>SKRBIMO ZA ZDRAVO TELO<\/strong><\/p>\r\n<p>&nbsp;<\/p>\r\nngg_shortcode_1_placeholder\r\n<p>&nbsp;<\/p>\r\n<p style=\"text-align: center\"><strong>MAMICA, KAJ NAJ TI KUPIM?<\/strong><\/p>\r\nngg_shortcode_2_placeholder\r\n<p style=\"text-align: center\"><strong>PUST NOR\u010cAVIH UST<\/strong><\/p>\r\nngg_shortcode_3_placeholder\r\n<p style=\"text-align: center\"><strong>VSAK DAN BOLJ SPRETNI<\/strong><\/p>\r\nngg_shortcode_4_placeholder\r\n<p>&nbsp;<\/p>\r\n<p style=\"text-align: center\"><strong>OLIMPIJSKE IGRE<\/strong><\/p>\r\nngg_shortcode_5_placeholder\r\n<p style=\"text-align: center\"><strong>FRANCE PRE\u0160EREN<\/strong><\/p>\r\nngg_shortcode_6_placeholder\r\n<p style=\"text-align: center\"><strong>BABICA ZIMA<\/strong><\/p>\r\nngg_shortcode_7_placeholder\r\n<p style=\"text-align: center\"><b>TAM NA BREGU MO\u017d STOJI&#8230;..<\/b><\/p>\r\nngg_shortcode_8_placeholder\r\n<p style=\"text-align: center\"><strong>BODI VIDEN V TEMI<\/strong><\/p>\r\nngg_shortcode_9_placeholder\r\n<p style=\"text-align: center\"><strong>BELA SNE\u017dINKA, KI PADA&#8230;.<\/strong><\/p>\r\nngg_shortcode_10_placeholder\r\n<p style=\"text-align: center\"><strong>OBISKAL NAS JE BO\u017dI\u010cEK<\/strong><\/p>\r\nngg_shortcode_11_placeholder\r\n<p style=\"text-align: center\"><strong>KRASITEV SMRE\u010cICE<\/strong><\/p>\r\nngg_shortcode_12_placeholder\r\n<p style=\"text-align: center\">&nbsp;<\/p>\r\n<p style=\"text-align: center\"><strong>PRIPRAVE NA PRAZNIKE<\/strong><\/p>\r\nngg_shortcode_13_placeholder\r\n<p style=\"text-align: center\"><strong>SLOVENSKI TRADICIONALNI ZAJTRK<\/strong><\/p>\r\nngg_shortcode_14_placeholder\r\n<p style=\"text-align: center\"><strong>VARNO V VRTEC<\/strong><\/p>\r\nngg_shortcode_15_placeholder\r\n<p style=\"text-align: center\"><strong>AH TA \u010cAROVNI\u0160KA NO\u010c<\/strong><\/p>\r\nngg_shortcode_16_placeholder\r\n<p style=\"text-align: center\"><strong>JESENSKA KO\u0160ARICA<\/strong><\/p>\r\nngg_shortcode_17_placeholder\r\n<p style=\"text-align: center\"><strong>NA\u0160 MALI&nbsp; SVET V BARVAH<\/strong><\/p>\r\nngg_shortcode_18_placeholder\r\n<p style=\"text-align: center\"><strong>&#8220;RDE\u010cA KAPICA&#8221;<\/strong><\/p>\r\nngg_shortcode_19_placeholder\r\n<p style=\"text-align: center\"><strong>&#8220;POHOD&#8221;<\/strong><\/p>\r\nngg_shortcode_20_placeholder\r\n<p style=\"text-align: center\"><strong>&#8220;PRI FRIZERJU&#8221;<\/strong><\/p>\r\nngg_shortcode_21_placeholder\r\n<p style=\"text-align: center\"><strong>MODNA REVIJA<\/strong><\/p>\r\nngg_shortcode_22_placeholder\r\n<p style=\"text-align: center\"><strong>MALI GLASBENIKI<\/strong><\/p>\r\nngg_shortcode_23_placeholder\r\n<p>&nbsp;<\/p>\r\n<p style=\"text-align: center\"><strong>BARVE JESENI<\/strong><\/p>\r\n<p>&nbsp;<\/p>\r\nngg_shortcode_24_placeholder\r\n<p style=\"text-align: center\"><strong>SPOZNAVAMO JESEN<\/strong><\/p>\r\nngg_shortcode_25_placeholder\r\n<p>&nbsp;<\/p>\r\n<p>&nbsp;<\/p>\r\n<p style=\"text-align: center\"><strong>MUCA COPATARICA<\/strong><\/p>\r\nngg_shortcode_26_placeholder\r\n<p style=\"text-align: center\"><strong>MALI TELOVADCI<\/strong><\/p>\r\n<p style=\"text-align: center\">&nbsp;<\/p>\r\nngg_shortcode_27_placeholder\r\n<p>&nbsp;<\/p>\r\n<p style=\"text-align: center\"><strong>MNO\u017dI\u010cEN TEK<\/strong><\/p>\r\nngg_shortcode_28_placeholder\r\n<p style=\"text-align: center\"><strong>V MAVRICI BARV<\/strong><\/p>\r\nngg_shortcode_29_placeholder\r\n<h2 style=\"font-size: 25px;text-align: center\"><strong>\u0160OLSKO LETO 2024\/2025<\/strong><\/h2>\r\n<p style=\"text-align: center\"><strong>ZGODBO\u017dER\u010cKI-ZAKLJU\u010cEK PROJEKTA<\/strong><\/p>\r\nngg_shortcode_30_placeholder\r\n<p style=\"text-align: center\"><strong>VARNO V VRTEC<\/strong><\/p>\r\nngg_shortcode_31_placeholder\r\n<p style=\"text-align: center\"><strong>TRAVNIK<\/strong><\/p>\r\nngg_shortcode_32_placeholder\r\n<p style=\"text-align: center\"><strong>MALI VRTNARJI<\/strong><\/p>\r\nngg_shortcode_33_placeholder\r\n<p>&nbsp;<\/p>\r\n<p style=\"text-align: center\"><strong>KJE SE SKRIVA JAJ\u010cKA?<\/strong><\/p>\r\nngg_shortcode_34_placeholder\r\n<p style=\"text-align: center\"><strong>VELIKA NO\u010c<\/strong><\/p>\r\nngg_shortcode_35_placeholder\r\n<p style=\"text-align: center\"><strong>NA\u0160E ZLATE BABICE NA OBISKU<\/strong><\/p>\r\nngg_shortcode_36_placeholder\r\n<p>&nbsp;<\/p>\r\n<p style=\"text-align: center\"><strong>KAKO SMO SPRETNI<\/strong><\/p>\r\nngg_shortcode_37_placeholder\r\n<p style=\"text-align: center\"><strong>PROMET<\/strong><\/p>\r\nngg_shortcode_38_placeholder\r\n<p style=\"text-align: center\"><strong>SKRBIMO ZA VARNOST<\/strong><\/p>\r\nngg_shortcode_39_placeholder\r\n<p style=\"text-align: center\"><strong>DRU\u017dINA PRAZNUJE<\/strong><\/p>\r\nngg_shortcode_40_placeholder\r\n<p style=\"text-align: center\"><strong>NOR\u010cIJE NA SNEGU<\/strong><\/p>\r\nngg_shortcode_41_placeholder\r\n<p style=\"text-align: center\"><strong>VALENTINOVO<\/strong><\/p>\r\nngg_shortcode_42_placeholder\r\n<p style=\"text-align: center\"><strong>FRANCE PRE\u0160EREN<\/strong><\/p>\r\nngg_shortcode_43_placeholder\r\n<p style=\"text-align: center\"><strong>SAM SE OBLA\u010cIM<\/strong><\/p>\r\nngg_shortcode_44_placeholder\r\n<p style=\"text-align: center\"><strong>ZIMSKA OBLA\u010cILA<\/strong><\/p>\r\nngg_shortcode_45_placeholder\r\n<p style=\"text-align: center\"><strong>BODI VIDEN POZIMI<\/strong><\/p>\r\nngg_shortcode_46_placeholder\r\n<p style=\"text-align: center\"><strong>BO\u017dI\u010cNO NOVOLETNO RAJANJE<\/strong><\/p>\r\nngg_shortcode_47_placeholder\r\n<p style=\"text-align: center\"><strong>BO\u017dI\u010cEK NAS JE OBDARIL<\/strong><\/p>\r\nngg_shortcode_48_placeholder\r\n<p style=\"text-align: center\"><strong>IZDELUJEMO OKRASKE<\/strong><\/p>\r\nngg_shortcode_49_placeholder\r\n<p style=\"text-align: center\"><strong>MALI SLA\u0160\u010cI\u010cARJI<\/strong><\/p>\r\nngg_shortcode_50_placeholder\r\n<p style=\"text-align: center\"><strong>BO\u017dI\u010cNO \u017dITO<\/strong><\/p>\r\nngg_shortcode_51_placeholder\r\n<p style=\"text-align: center\"><strong>PRAZNIKI SE BLI\u017dAJO<\/strong><\/p>\r\nngg_shortcode_52_placeholder\r\n<p style=\"text-align: center\"><strong>JESEN SE POSLAVLJA<\/strong><\/p>\r\nngg_shortcode_53_placeholder\r\n<p style=\"text-align: center\"><strong>VARNO V VRTEC<\/strong><\/p>\r\nngg_shortcode_54_placeholder\r\n<p style=\"text-align: center\"><strong>NO\u010c \u010cAROVNIC<\/strong><\/p>\r\nngg_shortcode_55_placeholder\r\n<p style=\"text-align: center\"><strong>SLOVENSKI TRADICIONALNI ZAJTRK<\/strong><\/p>\r\nngg_shortcode_56_placeholder\r\n<p style=\"text-align: center\"><strong>SKRBIMO ZA ZDRAVE ZOBKE<\/strong><\/p>\r\nngg_shortcode_57_placeholder\r\n<p style=\"text-align: center\"><strong>NASTOP DIJAKINJE<\/strong><\/p>\r\nngg_shortcode_58_placeholder\r\n<p style=\"text-align: center\"><strong>TEDEN OTROKA<\/strong><\/p>\r\n<p style=\"text-align: center\"><strong>*Rojstni dan<\/strong><\/p>\r\nngg_shortcode_59_placeholder\r\n<p style=\"text-align: center\"><strong>*Pod medvedovim de\u017enikom<\/strong><\/p>\r\nngg_shortcode_60_placeholder\r\n<p style=\"text-align: center\"><strong>*Kami\u0161ibaj<\/strong><\/p>\r\nngg_shortcode_61_placeholder\r\n<p style=\"text-align: center\"><strong>*Likovne delavnice<\/strong><\/p>\r\nngg_shortcode_62_placeholder\r\n<p style=\"text-align: center\"><strong>*Kostanjev piknik<\/strong><\/p>\r\nngg_shortcode_63_placeholder\r\n<p>&nbsp;<\/p>\r\n<p style=\"text-align: center\"><strong>JESEN NAS JE OBDARILA<\/strong><\/p>\r\nngg_shortcode_64_placeholder\r\n<p style=\"text-align: center\"><strong>MNO\u017dI\u010cEN TEK<\/strong><\/p>\r\nngg_shortcode_65_placeholder\r\n<p>&nbsp;<\/p>\r\n<p><!--nextpage--><\/p>\r\n<p style=\"text-align: center\"><b>POKA\u017dI KAJ ZNA\u0160<\/b><\/p>\r\nngg_shortcode_66_placeholder\r\n<p style=\"text-align: center\"><strong>TETKA JESEN<\/strong><\/p>\r\nngg_shortcode_67_placeholder\r\n<p>&nbsp;<\/p>\r\n<p style=\"text-align: center\"><strong>MUCA COPATARICA<\/strong><\/p>\r\n<p>&nbsp;<\/p>\r\nngg_shortcode_68_placeholder\r\n<p>&nbsp;<\/p>\r\n<p style=\"text-align: center\"><strong>MOJ SIMBOL<\/strong><\/p>\r\nngg_shortcode_69_placeholder\r\n<p>&nbsp;<\/p>\r\n<p style=\"text-align: center\"><strong>TO SEM JAZ<\/strong><\/p>\r\nngg_shortcode_70_placeholder\r\n<p>&nbsp;<\/p>\r\n<h2 style=\"font-size: 25px;text-align: center\">&nbsp;<\/h2>\r\n<h2 style=\"font-size: 25px;text-align: center\">&nbsp;<\/h2>\r\n<h2 style=\"font-size: 25px;text-align: center\"><strong><!--nextpage--><\/strong><\/h2>\r\n<p>&nbsp;<\/p>\r\n<p>&nbsp;<\/p>\r\n<h2 style=\"font-size: 25px;text-align: center\"><strong>\u0160OLSKO LETO 2023\/2024<\/strong><\/h2>\r\n<p style=\"text-align: center\"><strong>VODA<\/strong><\/p>\r\nngg_shortcode_71_placeholder\r\n<p style=\"text-align: center\"><strong>GOSENICA&#8230;<\/strong><\/p>\r\nngg_shortcode_72_placeholder\r\n<p>&nbsp;<\/p>\r\n<p style=\"text-align: center\"><strong>VARNO NA KOLO<\/strong><\/p>\r\nngg_shortcode_73_placeholder\r\n<p>&nbsp;<\/p>\r\n<p style=\"text-align: center\"><strong>DINO IN PRIJATELJSTVO<\/strong><\/p>\r\nngg_shortcode_74_placeholder\r\n<p style=\"text-align: center\"><strong>PIKAPOLONCA<\/strong><\/p>\r\nngg_shortcode_75_placeholder\r\n<p>&nbsp;<\/p>\r\n<h4 style=\"text-align: center\">&#8230;tudi v de\u017eju je lepo:)<\/h4>\r\nngg_shortcode_76_placeholder\r\n<p style=\"text-align: center\"><strong>Red je vedno pas pripet<\/strong><\/p>\r\nngg_shortcode_77_placeholder\r\n<p>&nbsp;<\/p>\r\n<p style=\"text-align: center\"><strong>Policista v vrtcu<\/strong><\/p>\r\nngg_shortcode_78_placeholder\r\n<h4 style=\"text-align: center\">Sprehod malo druga\u010de (Dan zemlje)<\/h4>\r\nngg_shortcode_79_placeholder\r\n<p style=\"text-align: center\"><strong>Spomladanske delavnice<\/strong><\/p>\r\nngg_shortcode_80_placeholder\r\n<p style=\"text-align: center\"><strong>V pomlad z dru\u017eino<\/strong><\/p>\r\nngg_shortcode_81_placeholder\r\n<h4 style=\"text-align: center\">V \u0161olski knji\u017enici je zmeraj lepo<\/h4>\r\nngg_shortcode_82_placeholder\r\n<p>&nbsp;<\/p>\r\n<h4 style=\"text-align: center\">V frizerskem studiu Maja<\/h4>\r\nngg_shortcode_83_placeholder\r\n<p>&nbsp;<\/p>\r\n<h4 style=\"text-align: center\">Spoznavamo poklice<\/h4>\r\nngg_shortcode_84_placeholder\r\n<h4 style=\"text-align: center\">Pust veselih ust<\/h4>\r\nngg_shortcode_85_placeholder\r\n<h4 style=\"text-align: center\">Pre\u0161eren, rime in valentinovo<\/h4>\r\nngg_shortcode_86_placeholder\r\n<h4 style=\"text-align: center\"><strong>Ptice pozimi<\/strong><\/h4>\r\nngg_shortcode_87_placeholder\r\n<p style=\"text-align: center\"><strong>Skrbimo za zdravje tudi pozimi<\/strong><\/p>\r\nngg_shortcode_88_placeholder\r\n<p>&nbsp;<\/p>\r\n<p style=\"text-align: center\"><strong>Zimska obla\u010dila in vidnost pozimi<\/strong><\/p>\r\nngg_shortcode_89_placeholder\r\n<h4>&nbsp;<\/h4>\r\n<h4 style=\"text-align: center\">Veseli december&nbsp;<\/h4>\r\nngg_shortcode_90_placeholder\r\n<h4 style=\"text-align: center\">Jesen v gozdu<\/h4>\r\nngg_shortcode_91_placeholder\r\n<p>&nbsp;<\/p>\r\n<h4 style=\"text-align: center\">Tradicionalni slovenski zajtrk<\/h4>\r\n<p style=\"text-align: center\">&#8220;Kruh za zajtrk &#8211; super dan.&#8221;<\/p>\r\nngg_shortcode_92_placeholder\r\n<p style=\"text-align: center\"><strong>Knjige, bu\u010de, pajki<\/strong><\/p>\r\nngg_shortcode_93_placeholder\r\n<h4 style=\"text-align: center\">Obisk gasilcev in kostanjev piknik<\/h4>\r\nngg_shortcode_94_placeholder\r\n<h4 style=\"text-align: center\">Varno v prometu<\/h4>\r\nngg_shortcode_95_placeholder\r\n<p>&nbsp;<\/p>\r\n<h4 style=\"text-align: center\">Prodajamo za gumbe<\/h4>\r\n<p>&nbsp; &nbsp; Ro\u017eice smo prisluhnile branju knjige Prodajamo za gumbe.<\/p>\r\n<p>&nbsp;&nbsp;&nbsp; Obiskal nas je tudi junak iz knjige, \u010darovnik Ujtata in nam s svojim de\u017enikom pri\u010daral gumbe ter<\/p>\r\n<p>&nbsp;&nbsp;&nbsp; obdaril s sadjem. Predstavil nam je cenik s tr\u017enice, kjer se vso sadje dobi za gumbe.<\/p>\r\n<p>&nbsp;&nbsp;&nbsp; Prijazna branjevka pa nas je vpeljala v prodajo sadja.<\/p>\r\n<p>&nbsp;&nbsp;&nbsp; Z veseljem smo prodajali, kupovali, oku\u0161ali, razvr\u0161\u010dali in \u0161teli.<\/p>\r\nngg_shortcode_96_placeholder\r\n<h4 style=\"text-align: center\">Teden otroka &#8220;Zakaji in zatoji radovednosti&#8221;<\/h4>\r\n<ul>\r\n<li>dnevni Zakaji (uganke) in prebiranje knjige L. Prap : Zakaj<\/li>\r\n<li>predstava Hvale\u017eni medved<\/li>\r\n<li>Zakaj sadimo koruzo in lu\u0161\u010denje koruze<\/li>\r\n<li>grozdje z vsemi \u010dutili<\/li>\r\n<li>eksperiment z rozinami in koruzo<\/li>\r\n<li>nabiranje jesenskih listkov in ustvarjanje z njimi<\/li>\r\n<li>predstava Jesenski direndaj (glej zavihek Praznovanja)<\/li>\r\n<li>petje in ples\r\nngg_shortcode_97_placeholder\r\n&#8230;<\/li>\r\n<\/ul>\r\n<h4 style=\"text-align: center\">Botra jesen<\/h4>\r\n<p>&#8211; Beremo Hvale\u017eni medved<\/p>\r\n<p>&#8211; pojemo: Botra jesen, Medvedek sladkosned<\/p>\r\n<p>&nbsp;<\/p>\r\nngg_shortcode_98_placeholder\r\n<h4 style=\"text-align: center\">Spet v vrtcu<\/h4>\r\nngg_shortcode_99_placeholder\r\n<p><!--nextpage--><\/p>\r\n<h2 style=\"font-size: 25px;text-align: center\"><strong>\u0160OLSKO LETO 2022\/2023<\/strong><\/h2>\r\n<p>PO\u010cITNI\u0160KO USTVARJANJE 2<\/p>\r\nngg_shortcode_100_placeholder\r\n<p>POLETNO USTVARJANJE<\/p>\r\nngg_shortcode_101_placeholder\r\n<p>PO\u010cITNI\u0160KO USTVARJANJE1<\/p>\r\nngg_shortcode_102_placeholder\r\n<p>ZGODBO\u017dER\u010cEK NA OBISKU<\/p>\r\nngg_shortcode_103_placeholder\r\n<p>PRIPRAVA MAJ\u010cK ZA ZAKLJU\u010cNI NASTOP<\/p>\r\nngg_shortcode_104_placeholder\r\n<p>IZDELAVA CVETLI\u010cNIH MANDAL<\/p>\r\nngg_shortcode_105_placeholder\r\n<p>&nbsp;<\/p>\r\n<p>VARNO V VRTEC &#8211; KOLO (2. del projekta)<\/p>\r\nngg_shortcode_106_placeholder\r\n<p>ZAKLJU\u010cNI IZLET<\/p>\r\nngg_shortcode_107_placeholder\r\n<p>MEDENA MASA\u017dA ( API VRTEC, ki ga izvaja Zavod&nbsp; za razvoj empatije in ustvarjalnosti Eneja v sklopu&nbsp; APIS RETIS, mre\u017ee API vrtcev, ter avtorico programa Nino Ili\u010d)<\/p>\r\nngg_shortcode_108_placeholder\r\n<p>\u010cEBELICE&nbsp;<\/p>\r\nngg_shortcode_109_placeholder\r\n<p>PRESENE\u010cENJA V POMLADNEM \u010cASU<\/p>\r\nngg_shortcode_110_placeholder\r\n<p>ZGODBO\u017dER\u010cKI (Zgodba o neustra\u0161nem Miodelicusu iz skrivnostnega sveta reke Mure; avtorica Monika Bezjak)<\/p>\r\nngg_shortcode_111_placeholder\r\n<p><!--nextpage--><\/p>\r\n<p>DAN ZEMLJE<\/p>\r\nngg_shortcode_112_placeholder\r\n<p>POLICISTA NA OBISKU<\/p>\r\nngg_shortcode_113_placeholder\r\n<p>PASAV\u010cEK<\/p>\r\nngg_shortcode_114_placeholder\r\n<p>DRU\u017dENJE Z BABICAMI<\/p>\r\nngg_shortcode_115_placeholder\r\n<p>VELIKONO\u010cNO JAJCE IN VELIKONO\u010cNI ZAJ\u010cEK<\/p>\r\nngg_shortcode_116_placeholder\r\n<p><!--nextpage--><\/p>\r\n<p>IGRALNI DAN<\/p>\r\nngg_shortcode_117_placeholder\r\n<p>IGRAMO SE Z BARVAMI<\/p>\r\nngg_shortcode_118_placeholder\r\n<p>&nbsp;<\/p>\r\n<p>DRU\u017dINA<\/p>\r\nngg_shortcode_119_placeholder\r\n<p>&nbsp;<\/p>\r\n<p>PUST VESELIH UST<\/p>\r\nngg_shortcode_120_placeholder\r\n<p>RAZGIBAVANJE MALO DRUGA\u010cE<\/p>\r\nngg_shortcode_121_placeholder\r\n<p><!--nextpage--><\/p>\r\n<p>VALENTINOVO PRI &#8220;RO\u017dICAH&#8221;<\/p>\r\nngg_shortcode_122_placeholder\r\n<p>RADI BI IMELI ZIMO, ZIMO BELO<\/p>\r\nngg_shortcode_123_placeholder\r\n<p>AKTIVNOSTI V JANUARJU<\/p>\r\nngg_shortcode_124_placeholder\r\n<p>\u0160E NEKAJ UTRINKOV IZ \u010cAROBNEGA BO\u017dI\u010cA<\/p>\r\nngg_shortcode_125_placeholder\r\n<p>MI SMO SNE\u017dAKI<\/p>\r\nngg_shortcode_126_placeholder\r\n<p><!--nextpage--><\/p>\r\n<p>IZDELAVA VO\u0160\u010cILNIC<\/p>\r\nngg_shortcode_127_placeholder\r\n<p>ODPIRANJE DARIL<\/p>\r\nngg_shortcode_128_placeholder\r\n<p>PEKA MEDENJAKOV<\/p>\r\nngg_shortcode_129_placeholder\r\n<p>VADBENA URA<\/p>\r\nngg_shortcode_130_placeholder\r\n<p>OBISK GASILKEGA DOMA JAKOBSKI DOL<\/p>\r\nngg_shortcode_131_placeholder\r\n<p><!--nextpage--><\/p>\r\n<p>\u010cAROBEN DECEMBER<\/p>\r\nngg_shortcode_132_placeholder\r\n<p>VESELJE V GOZDU<\/p>\r\nngg_shortcode_133_placeholder\r\n<p style=\"text-align: center\">SLOVENSKI TRADICIONALNI ZAJTRK<\/p>\r\nngg_shortcode_134_placeholder\r\n<p style=\"text-align: center\"><strong>JESEN JE TU&#8230;<\/strong><\/p>\r\nngg_shortcode_135_placeholder\r\n\r\n\r\n\r\n\r\n\r\n\r\n\r\n<h3 style=\"text-align: center\"><strong>Dejavnosti v mesecu septembru<\/strong><\/h3>\r\nngg_shortcode_136_placeholder\r\n<h3 style=\"text-align: center\"><strong>Vadbena ura &#8211; DAN \u0160PORTA<\/strong><\/h3>\r\nngg_shortcode_137_placeholder\r\n<p>&nbsp;<\/p>\r\n<h3 style=\"text-align: center\"><strong>Mno\u017ei\u010dni tek 2022<\/strong><\/h3>\r\nngg_shortcode_138_placeholder\r\n","protected":false},"excerpt":{"rendered":"<p>2. DRUGO STAROSTNO OBDOBJE (3\u20134 LET) * Vzgojiteljica: Valerija Gorjup* Pomo\u010dnica vzgojiteljice: Marija Miklavc\/ Nives Pridigar &nbsp; \u0160OLSKO LETO 2025\/2026 KO SE PREPLETATA MLADOST IN MODROST SKRBIMO ZA ZDRAVO TELO &nbsp; &nbsp; MAMICA, KAJ NAJ TI KUPIM? PUST NOR\u010cAVIH UST VSAK DAN BOLJ SPRETNI &nbsp; OLIMPIJSKE IGRE FRANCE PRE\u0160EREN BABICA ZIMA TAM NA BREGU MO\u017d [&hellip;]<\/p>\n","protected":false},"author":93154,"featured_media":0,"parent":0,"menu_order":5,"comment_status":"closed","ping_status":"closed","template":"","meta":{"_et_pb_use_builder":"","_et_pb_old_content":"","_et_gb_content_width":"","ngg_post_thumbnail":0,"footnotes":""},"class_list":["post-127","page","type-page","status-publish","hentry"],"_links":{"self":[{"href":"https:\/\/vrtecpriosjakobskidol.splet.arnes.si\/index.php?rest_route=\/wp\/v2\/pages\/127","targetHints":{"allow":["GET"]}}],"collection":[{"href":"https:\/\/vrtecpriosjakobskidol.splet.arnes.si\/index.php?rest_route=\/wp\/v2\/pages"}],"about":[{"href":"https:\/\/vrtecpriosjakobskidol.splet.arnes.si\/index.php?rest_route=\/wp\/v2\/types\/page"}],"author":[{"embeddable":true,"href":"https:\/\/vrtecpriosjakobskidol.splet.arnes.si\/index.php?rest_route=\/wp\/v2\/users\/93154"}],"replies":[{"embeddable":true,"href":"https:\/\/vrtecpriosjakobskidol.splet.arnes.si\/index.php?rest_route=%2Fwp%2Fv2%2Fcomments&post=127"}],"version-history":[{"count":23,"href":"https:\/\/vrtecpriosjakobskidol.splet.arnes.si\/index.php?rest_route=\/wp\/v2\/pages\/127\/revisions"}],"predecessor-version":[{"id":34439,"href":"https:\/\/vrtecpriosjakobskidol.splet.arnes.si\/index.php?rest_route=\/wp\/v2\/pages\/127\/revisions\/34439"}],"wp:attachment":[{"href":"https:\/\/vrtecpriosjakobskidol.splet.arnes.si\/index.php?rest_route=%2Fwp%2Fv2%2Fmedia&parent=127"}],"curies":[{"name":"wp","href":"https:\/\/api.w.org\/{rel}","templated":true}]}}