{"id":133,"date":"2022-04-01T07:42:22","date_gmt":"2022-04-01T05:42:22","guid":{"rendered":"https:\/\/vrtecpriosjakobskidol.splet.arnes.si\/?page_id=133"},"modified":"2026-05-07T12:34:50","modified_gmt":"2026-05-07T10:34:50","slug":"skupina-sovice","status":"publish","type":"page","link":"https:\/\/vrtecpriosjakobskidol.splet.arnes.si\/?page_id=133","title":{"rendered":"Skupina Sovice"},"content":{"rendered":"\r\n\r\n\r\n<h5 class=\"wp-block-heading\" style=\"font-size: 25px\"><strong>2. STAROSTNO OBDOBJE (4-6 LET)<\/strong><br \/><br \/>*<strong>&nbsp;Vzgojiteljica<\/strong>: Alenka Petek<br \/>*<strong>&nbsp;Pomo\u010dnica vzgojiteljice<\/strong>: Irena Keuschler<\/h5>\r\n<h1 style=\"text-align: center\">\u0160OLSKO LETO 2025\/2026<\/h1>\r\n<p style=\"text-align: center\"><strong>DEJAVNOSTI V MESECU APRILU<\/strong><\/p>\r\nngg_shortcode_0_placeholder\r\n<p style=\"text-align: center\"><strong>VRTEC V NARAVI 2.dan<\/strong><\/p>\r\nngg_shortcode_1_placeholder\r\n<p style=\"text-align: center\"><strong>VRTEC V NARAVI 1. dan<\/strong><\/p>\r\nngg_shortcode_2_placeholder\r\n<p style=\"text-align: center\"><strong>OBMO\u010cNO SRE\u010cANJE OTRO\u0160KIH PEVSKIH ZBOROV&nbsp;<\/strong><\/p>\r\nngg_shortcode_3_placeholder\r\n<p style=\"text-align: center\"><strong>NA\u0160 VRTI\u010cEK (Praznujemo &#8220;DAN ZEMLJE&#8221;)<\/strong><\/p>\r\nngg_shortcode_4_placeholder\r\n<p style=\"text-align: center\"><strong>GLEDALI\u0160KA SKUPINA &#8220;SOVICE&#8221; (nastop v \u0160ENTILJU na Obmo\u010dnem sre\u010danju gledali\u0161kih skupin)<\/strong><\/p>\r\nngg_shortcode_5_placeholder\r\n<p style=\"text-align: center\"><strong>DRU\u017dENJE Z BABICAMI<\/strong><\/p>\r\nngg_shortcode_6_placeholder\r\n<p style=\"text-align: center\"><strong>DEJAVNOSTI V MESECU MARCU<\/strong><\/p>\r\nngg_shortcode_7_placeholder\r\n<p style=\"text-align: center\"><strong>NOGOMET<\/strong><\/p>\r\nngg_shortcode_8_placeholder\r\n<p style=\"text-align: center\"><strong>VADBENA URA Z NALOGAMI<\/strong><\/p>\r\nngg_shortcode_9_placeholder\r\n<p style=\"text-align: center\"><strong>AKTIVNOSTI V FEBRUARJU<\/strong><\/p>\r\nngg_shortcode_10_placeholder\r\n<p style=\"text-align: center\"><strong>PUST<\/strong><\/p>\r\nngg_shortcode_11_placeholder\r\n<p style=\"text-align: center\"><strong>&nbsp;PASAV\u010cEK<\/strong><\/p>\r\nngg_shortcode_12_placeholder\r\n<p style=\"text-align: center\"><strong>AKTIVNOSTI V JANUARJU<\/strong><\/p>\r\nngg_shortcode_13_placeholder\r\n<p style=\"text-align: center\"><strong>IGRA NA SNEGU<\/strong><\/p>\r\nngg_shortcode_14_placeholder\r\n<p style=\"text-align: center\"><strong>VESELI DECEMBER<\/strong><\/p>\r\nngg_shortcode_15_placeholder\r\n<p style=\"text-align: center\"><strong>PRIPRAVE NA &#8220;MIKLAV\u017dEV BAZAR&#8221;<\/strong><\/p>\r\nngg_shortcode_16_placeholder\r\n<p style=\"text-align: center\"><strong>NOVEMBER<\/strong><\/p>\r\nngg_shortcode_17_placeholder\r\n<p style=\"text-align: center\"><strong>SLOVENSKI TRADICIONALNI ZAJTRK<\/strong><\/p>\r\nngg_shortcode_18_placeholder\r\n<p style=\"text-align: center\"><strong>PAL\u010cEK BRAL\u010cEK<\/strong><\/p>\r\nngg_shortcode_19_placeholder\r\n<p style=\"text-align: center\"><strong>IGRA V GOZDU<\/strong><\/p>\r\nngg_shortcode_20_placeholder\r\n<p style=\"text-align: center\"><strong>&#8220;KDO JE UKRADEL LISTJE?&#8221;<\/strong><\/p>\r\nngg_shortcode_21_placeholder\r\n<p style=\"text-align: center\"><strong>NOGOMET<\/strong><\/p>\r\nngg_shortcode_22_placeholder\r\n<p style=\"text-align: center\"><strong>DEJAVNOSTI VMESECU OKTOBRU<\/strong><\/p>\r\nngg_shortcode_23_placeholder\r\n<p style=\"text-align: center\"><strong>OBISK MEDICINSKE SESTRE &#8211; PREVENTIVA ZA NA\u0160E ZOBKE<\/strong><\/p>\r\nngg_shortcode_24_placeholder\r\n<p style=\"text-align: center\"><strong>JESENSKO UREJANJE VRT\u010cEVSKEGA IGRI\u0160\u010cA<\/strong><\/p>\r\nngg_shortcode_25_placeholder\r\n<p style=\"text-align: center\"><strong>TEDEN OTROKA &#8211; petek (predstava &#8220;RDE\u010cA KAPICA&#8221;)<\/strong><\/p>\r\nngg_shortcode_26_placeholder\r\n<p style=\"text-align: center\"><strong>TEDEN OTROKA &#8211; \u010detrtek (Pohod)<\/strong><\/p>\r\nngg_shortcode_27_placeholder\r\n<p style=\"text-align: center\"><strong>TEDEN OTROKA &#8211; sreda (Kostanjev piknik)<\/strong><\/p>\r\nngg_shortcode_28_placeholder\r\n<p style=\"text-align: center\"><strong>TEDEN OTROKA &#8211; torek (&#8220;Mi smo mali kuharji&#8221;)<\/strong><\/p>\r\nngg_shortcode_29_placeholder\r\n<p style=\"text-align: center\"><strong>TEDEN OTROKA &#8211; ponedeljek (glasbeno-plesno dopoldne)<\/strong><\/p>\r\nngg_shortcode_30_placeholder\r\n<p style=\"text-align: center\"><strong>PRVA GLASBENA URICA<\/strong><\/p>\r\nngg_shortcode_31_placeholder\r\n<p style=\"text-align: center\"><strong>VADBA V TELOVADNICI<\/strong><\/p>\r\nngg_shortcode_32_placeholder\r\n<p style=\"text-align: center\"><strong>IGRA NA IGRALIH<\/strong><\/p>\r\nngg_shortcode_33_placeholder\r\n<p style=\"text-align: center\"><strong>DRAMATIZACIJA &#8220;SOVICA OKA&#8221;<\/strong><\/p>\r\nngg_shortcode_34_placeholder\r\n<p style=\"text-align: center\"><strong>POSTALI SMO &#8220;SOVICE&#8221;<\/strong><\/p>\r\nngg_shortcode_35_placeholder\r\n<p style=\"text-align: center\"><strong>ZA\u010cNI MLAD, TEKMUJ PO\u0160TENO<\/strong><\/p>\r\nngg_shortcode_36_placeholder\r\n<h2 style=\"font-size: 25px;text-align: center\"><strong>\u0160OLSKO LETO 2024\/25<\/strong><\/h2>\r\n<p>&nbsp;<\/p>\r\n<h6 style=\"text-align: center\">Poletna osve\u017eitev<\/h6>\r\nngg_shortcode_37_placeholder\r\n<h6 style=\"text-align: center\">Varno s kolesom<\/h6>\r\nngg_shortcode_38_placeholder\r\n<h6 style=\"text-align: center\">NO\u010c V VRTCU (junaki arene)<\/h6>\r\nngg_shortcode_39_placeholder\r\n<h6 style=\"text-align: center\">NO\u010c V VRTCU (skok skozi preizku\u0161nje + rde\u010di noski)<\/h6>\r\nngg_shortcode_40_placeholder\r\n<h6 style=\"text-align: center\">NO\u010c V VRTCU (razigrano prebujanje)<\/h6>\r\nngg_shortcode_41_placeholder\r\n<h6 style=\"text-align: center\">NO\u010c VRTCU (Ve\u010der \u017eare\u010dih isker)<\/h6>\r\nngg_shortcode_42_placeholder\r\n<h6 style=\"text-align: center\">NO\u010c V VRTCU (zabavni izzivi)<\/h6>\r\nngg_shortcode_43_placeholder\r\n<h6 style=\"text-align: center\">Zgodbo\u017eer\u010dek na obisku<\/h6>\r\nngg_shortcode_44_placeholder\r\n<h6 style=\"text-align: center\">Uro\u0161 Hrovat &#8211; slovenski ilustrator<\/h6>\r\nngg_shortcode_45_placeholder\r\n<h6 style=\"text-align: center\">20. maj &#8211; svetovni dan \u010debel<\/h6>\r\nngg_shortcode_46_placeholder\r\n<h6 style=\"text-align: center\">Glasba je jezik veselja<\/h6>\r\nngg_shortcode_47_placeholder\r\n<h6 style=\"text-align: center\">Pali\u010dnjaki na obisku<\/h6>\r\nngg_shortcode_48_placeholder\r\n<h6 style=\"text-align: center\">Skupaj za \u010distej\u0161i planet<\/h6>\r\nngg_shortcode_49_placeholder\r\n<h6 style=\"text-align: center\">REVIJA VRT\u010cEVSKIH PEVSKIH ZBOROV<\/h6>\r\nngg_shortcode_50_placeholder\r\n<p style=\"text-align: center\"><strong>Poseben trenutek z babico v vrtcu<\/strong><\/p>\r\n<p style=\"text-align: center\"><em>Nekdo danes sedi v senci, ker je nekdo, neko\u010d, posadil drevo.<\/em><\/p>\r\n<p style=\"text-align: center\">(Warren Buffett)<\/p>\r\n<p style=\"text-align: center\">Skupni trenutki, ki jih ustvarimo danes, so kot drevesa, posajena za prihodnost.<\/p>\r\n<p>&nbsp;<\/p>\r\nngg_shortcode_51_placeholder\r\n<p style=\"text-align: center\"><strong>Premagujemo poligon<\/strong><\/p>\r\nngg_shortcode_52_placeholder\r\n<p style=\"text-align: center\"><strong>Pav Pavlek<\/strong><\/p>\r\n<p style=\"text-align: center\">(v okviru projekta Zgodbo\u017eer\u010dek)<\/p>\r\nngg_shortcode_53_placeholder\r\n<p style=\"text-align: center\"><strong>RED JE VEDNO PAS PRIPET<\/strong><\/p>\r\n<p style=\"text-align: center\"><strong>(v okviru projekta Pasav\u010dek)<\/strong><\/p>\r\nngg_shortcode_54_placeholder\r\n<p style=\"text-align: center\"><strong>113 <span class=\"x1xsqp64 xiy17q3 x1o6pynw x19co3pv xdj266r xcwd3tp xat24cr x39eecv x2b8uid\" data-testid=\"emoji\"><span class=\"xexx8yu xn5pp95 x18d9i69 x2fxd7x x3jgonx x1bhl96m\">\ud83d\ude0a<\/span><\/span><\/strong><\/p>\r\nngg_shortcode_55_placeholder\r\n<p style=\"text-align: center\"><strong>Dru\u017eina<\/strong><\/p>\r\nngg_shortcode_56_placeholder\r\n<p style=\"text-align: center\"><strong>Prireditev ob materinskem dnevu<\/strong><\/p>\r\nngg_shortcode_57_placeholder\r\n<p style=\"text-align: center\"><strong>Mama je ena sama<\/strong><\/p>\r\nngg_shortcode_58_placeholder\r\n<p style=\"text-align: center\"><strong>Dan \u017eena\/dan mu\u010denikov<\/strong><\/p>\r\nngg_shortcode_59_placeholder\r\n<p style=\"text-align: center\"><strong>Spet malo zimskega veselja<\/strong><\/p>\r\nngg_shortcode_60_placeholder\r\n<p style=\"text-align: center\"><strong>France Pre\u0161eren<\/strong><\/p>\r\nngg_shortcode_61_placeholder\r\n<p style=\"text-align: center\"><strong>\u017dIVALI<\/strong><\/p>\r\n<p style=\"text-align: center\"><strong>(doma\u010de, morske, divje, travni\u0161ke, gozdne, POLARNE)<\/strong><\/p>\r\nngg_shortcode_62_placeholder\r\n<p>&nbsp;<\/p>\r\n<p style=\"text-align: center\"><strong>Sne\u017ena veriga<\/strong><\/p>\r\nngg_shortcode_63_placeholder\r\n<p style=\"text-align: center\"><strong>Vidni na cesti<\/strong><\/p>\r\nngg_shortcode_64_placeholder\r\n<p>&nbsp;<\/p>\r\n<h2><!--nextpage--><\/h2>\r\n<p>&nbsp;<\/p>\r\n<p style=\"text-align: center\"><strong>\u0160e nekaj utrinkov iz Veselega decembra<\/strong><\/p>\r\n<p style=\"text-align: center\">(okrasitev igralnice, pisanje Bo\u017ei\u010dku pisma, sajenje trave za Bo\u017ei\u010dkove jelene, peka pi\u0161kotov)<\/p>\r\nngg_shortcode_65_placeholder\r\n<p style=\"text-align: center\"><strong>Bo\u017ei\u010dek na obisku<\/strong><\/p>\r\nngg_shortcode_66_placeholder\r\n<p style=\"text-align: center\"><strong>Smre\u010dica, oj smre\u010dica&#8230;.<\/strong><\/p>\r\nngg_shortcode_67_placeholder\r\n<p style=\"text-align: center\"><strong>Priprave na Bo\u017ei\u010dni bazar<\/strong><\/p>\r\nngg_shortcode_68_placeholder\r\n<p style=\"text-align: center\"><strong>Ostanimo zdravi, pre\u017eenimo bacile.<\/strong><\/p>\r\n<p style=\"text-align: center\">BACILI<\/p>\r\n<p style=\"text-align: center\">(Sabina Mali)<br \/>Prihaja zima in bacili,<br \/>\u010daj z limono bomo pili.<br \/>Med \u010debelji \u0161e dodali,<br \/>zdravi vsi tako ostali.<br \/>Saj limona, \u010daj in med<br \/>bolj\u0161i so kot sladoled.<br \/>To so na\u0161e dobre vile,<br \/>ki preganjajo bacile.<\/p>\r\nngg_shortcode_69_placeholder\r\n<p style=\"text-align: center\">Sneg nas je presenetil:)&nbsp;<\/p>\r\nngg_shortcode_70_placeholder\r\n<p style=\"text-align: center\">Gremo na nogomet<\/p>\r\nngg_shortcode_71_placeholder\r\n<p style=\"text-align: center\">Ve\u010der \u010darovnice Jerice \u0160ef<\/p>\r\nngg_shortcode_72_placeholder\r\n<p style=\"text-align: center\">Skrb za zobe<\/p>\r\nngg_shortcode_73_placeholder\r\n<p style=\"text-align: center\">Razbita bu\u010da<\/p>\r\nngg_shortcode_74_placeholder\r\n<p style=\"text-align: center\">Jesenska opravila<\/p>\r\nngg_shortcode_75_placeholder\r\n<p style=\"text-align: center\">Oh, ta Gospa Jesen<\/p>\r\nngg_shortcode_76_placeholder\r\n<p style=\"text-align: center\">Pod medvedovim de\u017enikom<\/p>\r\nngg_shortcode_77_placeholder\r\n<p style=\"text-align: center\">Kami\u0161ibaj (JABOLKO)<\/p>\r\nngg_shortcode_78_placeholder\r\n<p style=\"text-align: center\">Kostanjev piknik<\/p>\r\nngg_shortcode_79_placeholder\r\n<p style=\"text-align: center\">Mno\u017ei\u010dni tek<\/p>\r\nngg_shortcode_80_placeholder\r\n<p style=\"text-align: center\">Nam je lepo<\/p>\r\nngg_shortcode_81_placeholder\r\n<p>&nbsp;<\/p>\r\n<h2><!--nextpage--><\/h2>\r\n<p>&nbsp;<\/p>\r\n<h2 style=\"font-size: 25px;text-align: center\"><strong>\u0160OLSKO LETO 2023\/24<\/strong><\/h2>\r\n<p style=\"text-align: center\">VRO\u010c POLETNI DAN<\/p>\r\nngg_shortcode_82_placeholder\r\n<p style=\"text-align: center\">POKUKAJMO V \u0160OLO<\/p>\r\n<p>&nbsp;<\/p>\r\nngg_shortcode_83_placeholder\r\n<p style=\"text-align: center\">ZAKLJU\u010cNI IZLET<\/p>\r\nngg_shortcode_84_placeholder\r\n<p style=\"text-align: center\">\u010cEBELICE<\/p>\r\nngg_shortcode_85_placeholder\r\n<p style=\"text-align: center\">NA TRAVNIKU 2.DEL<\/p>\r\nngg_shortcode_86_placeholder\r\n<p>&nbsp;<\/p>\r\n<p style=\"text-align: center\">V KNJI\u017dNICI<\/p>\r\n<p>&nbsp;<\/p>\r\nngg_shortcode_87_placeholder\r\n<p style=\"text-align: center\">TRAVNIK<\/p>\r\n<p>&nbsp;<\/p>\r\nngg_shortcode_88_placeholder\r\n<p style=\"text-align: center\">DAN ZEMLJE<\/p>\r\n<p>&nbsp;<\/p>\r\nngg_shortcode_89_placeholder\r\n<p><!--nextpage--><\/p>\r\n<p style=\"text-align: center\">POLICISTI V VRTCU<\/p>\r\nngg_shortcode_90_placeholder\r\n<p style=\"text-align: center\">PROMET<\/p>\r\nngg_shortcode_91_placeholder\r\n<p style=\"text-align: center\">CVETO\u010cE DREVO<\/p>\r\n<p>&nbsp;<\/p>\r\nngg_shortcode_92_placeholder\r\n<p style=\"text-align: center\">VELIKA NO\u010c<\/p>\r\nngg_shortcode_93_placeholder\r\n<p>&nbsp;<\/p>\r\n<p style=\"text-align: center\">MOJA DRU\u017dINA<\/p>\r\nngg_shortcode_94_placeholder\r\n<p style=\"text-align: center\">POMLADNO USTVARJANJE<\/p>\r\nngg_shortcode_95_placeholder\r\n<p>&nbsp;<\/p>\r\n<p><!--nextpage--><\/p>\r\n<p style=\"text-align: center\">MOJA BABICA<\/p>\r\n<p>&nbsp;<\/p>\r\nngg_shortcode_96_placeholder\r\n<p style=\"text-align: center\">V \u0160OLSKI KNJI\u017dNICI<\/p>\r\nngg_shortcode_97_placeholder\r\n<p style=\"text-align: center\">FRANCE PRE\u0160EREN<\/p>\r\nngg_shortcode_98_placeholder\r\n<p>&nbsp;<\/p>\r\n<p style=\"text-align: center\">PUST<\/p>\r\nngg_shortcode_99_placeholder\r\n<p>&nbsp;<\/p>\r\n<p>&nbsp;<\/p>\r\n<p style=\"text-align: center\">ZIMSKA OBLA\u010cILA<\/p>\r\nngg_shortcode_100_placeholder\r\n<p style=\"text-align: center\">VIDNI TUDI V TEMI<\/p>\r\nngg_shortcode_101_placeholder\r\n<p style=\"text-align: center\">VESELJE NA SNEGU<\/p>\r\nngg_shortcode_102_placeholder\r\n<p><!--nextpage--><\/p>\r\n<p style=\"text-align: center\">BO\u017dI\u010cKOVA DARILA<\/p>\r\nngg_shortcode_103_placeholder\r\n<p>&nbsp;<\/p>\r\n<p style=\"text-align: center\">BO\u017dI\u010cNO \u017dITO<\/p>\r\n<p>&nbsp;<\/p>\r\nngg_shortcode_104_placeholder\r\n<p style=\"text-align: center\">SLADKI DECEMBER<\/p>\r\nngg_shortcode_105_placeholder\r\n<h2 style=\"font-size: 25px;text-align: center\">&nbsp;<\/h2>\r\n<p style=\"text-align: center\">PROMET<\/p>\r\nngg_shortcode_106_placeholder\r\n<p style=\"text-align: center\">SPOZNAVAM PROMET<\/p>\r\nngg_shortcode_107_placeholder\r\n<p style=\"text-align: center\">KO BOM VELIK, BOM GASILEC<\/p>\r\nngg_shortcode_108_placeholder\r\n<p><!--nextpage--><\/p>\r\n<p style=\"text-align: center\">BU\u010cA<\/p>\r\n<p>&nbsp;<\/p>\r\nngg_shortcode_109_placeholder\r\n<p>&nbsp;<\/p>\r\n<p style=\"text-align: center\">SPOZNAVAMO \u010cUTILA<\/p>\r\nngg_shortcode_110_placeholder\r\n<p style=\"text-align: center\">ZRCALCE<\/p>\r\nngg_shortcode_111_placeholder\r\n<p style=\"text-align: center\">JESEN<\/p>\r\nngg_shortcode_112_placeholder\r\n<p>&nbsp;<\/p>\r\n<p><!--nextpage--><\/p>\r\n<p style=\"text-align: center\">MUCA COPATARICA<\/p>\r\nngg_shortcode_113_placeholder\r\n<p>&nbsp;<\/p>\r\n<p style=\"text-align: center\">HI\u0160ICA ZA GOZDNEGA \u0160KRATA<\/p>\r\n<p>&nbsp;<\/p>\r\nngg_shortcode_114_placeholder\r\n<p style=\"text-align: center\">SKRBIMO ZA ZDRAVO TELO<\/p>\r\n<p>&nbsp;<\/p>\r\nngg_shortcode_115_placeholder\r\n<p>&nbsp;<\/p>\r\n<p style=\"text-align: center\">MNO\u017dI\u010cNI TEK<\/p>\r\nngg_shortcode_116_placeholder\r\n<p style=\"text-align: center\">&nbsp;<\/p>\r\n<p>&nbsp;<\/p>\r\n<p style=\"text-align: center\">SPET SMO NAZAJ<\/p>\r\n<p>&nbsp;<\/p>\r\nngg_shortcode_117_placeholder\r\n<h2>&nbsp;<\/h2>\r\n<p><!--nextpage--><\/p>\r\n<h2 style=\"font-size: 25px;text-align: center\"><strong>\u0160OLSKO LETO 2022\/2023<\/strong><\/h2>\r\n<p style=\"text-align: center\"><strong>VARNA POT V VRTEC<\/strong><\/p>\r\nngg_shortcode_118_placeholder\r\n<p style=\"text-align: center\"><strong>MEDENA MASA\u017dA ( projekt Api pedagogika v vrtcu)<\/strong><\/p>\r\nngg_shortcode_119_placeholder\r\n<p style=\"text-align: center\"><strong style=\"text-align: center\">ZAKLJU\u010cNI IZLET V GAMLITZ<\/strong><\/p>\r\nngg_shortcode_120_placeholder\r\n<p style=\"text-align: center\"><strong>ZGODBO\u017dER\u010cKI<\/strong><\/p>\r\nngg_shortcode_121_placeholder\r\n<p style=\"text-align: center\">&nbsp;<\/p>\r\n<p style=\"text-align: center\"><strong>NA TRAVNIKU&nbsp; &nbsp;<\/strong><\/p>\r\nngg_shortcode_122_placeholder\r\n<p style=\"text-align: center\"><strong>VRTEC V NARAVI 3.DAN<\/strong><\/p>\r\nngg_shortcode_123_placeholder\r\n<p style=\"text-align: center\"><strong>VRTEC V NARAVI 2.DAN<\/strong><\/p>\r\n<p>&nbsp;<\/p>\r\nngg_shortcode_124_placeholder\r\n<p>&nbsp;<\/p>\r\n<p style=\"text-align: center\"><strong>VRTEC V NARAVI<\/strong><\/p>\r\n<p>&nbsp;<\/p>\r\nngg_shortcode_125_placeholder\r\n<p style=\"text-align: center\"><strong>POLICISTI NA OBISKU<\/strong><\/p>\r\nngg_shortcode_126_placeholder\r\n<p>&nbsp;<\/p>\r\n<p style=\"text-align: center\"><strong>KAVA ZA MAMO<\/strong><\/p>\r\n<p>&nbsp;<\/p>\r\nngg_shortcode_127_placeholder\r\n<p>&nbsp; &nbsp; &nbsp; &nbsp; &nbsp; &nbsp; &nbsp; &nbsp; &nbsp; &nbsp; &nbsp; &nbsp; &nbsp; &nbsp; &nbsp; &nbsp; &nbsp; &nbsp; &nbsp; &nbsp; &nbsp; &nbsp; &nbsp; &nbsp; &nbsp; &nbsp; &nbsp; &nbsp; &nbsp; &nbsp; &nbsp; &nbsp; &nbsp; &nbsp; &nbsp; &nbsp; &nbsp; <strong>&nbsp;VELIKONO\u010cNO DRU\u017dENJE Z BABICAMI<\/strong><\/p>\r\nngg_shortcode_128_placeholder\r\n<p>&nbsp;<\/p>\r\n<p><!--nextpage--><\/p>\r\n<p style=\"text-align: center\"><strong>BO\u017dI\u010cKOVO PRESENE\u010cENJE<\/strong><\/p>\r\n<p>&nbsp;<\/p>\r\nngg_shortcode_129_placeholder\r\n<p style=\"text-align: center\"><strong>BO\u017dI\u010cNO USTVARJANJE<\/strong><\/p>\r\nngg_shortcode_130_placeholder\r\n<p style=\"text-align: center\"><strong>VESELI DECEMBER<\/strong><\/p>\r\nngg_shortcode_131_placeholder\r\n<p>&nbsp;<\/p>\r\n<p style=\"text-align: center\"><strong>KO BOM VELIK, BOM GASILEC<\/strong><\/p>\r\nngg_shortcode_132_placeholder\r\n<p style=\"text-align: center\"><strong>G.Benjamin Adam in g. Sre\u010dko Gruber, iskrena hvala v imenu otrok in obeh vzgojiteljic vrtca Jakobski Dol, skupine Sovic, za prijazen, topel in iskren sprejem na\u0161ih nadobudne\u017eev. V vajini predstavitvi&nbsp; \u010dudovitega poslanstva biti gasilec so otroci spoznali njegov pomen in mogo\u010de bo kdo od njih neko\u010d tudi sam postal del va\u0161e prostovoljne ekipe.<\/strong><\/p>\r\n<p>&nbsp;<\/p>\r\n<p>&nbsp;<\/p>\r\n<p style=\"text-align: center\"><strong>TO SEM JAZ ( PROJEKT POMAHAJMO V SVET)<\/strong><\/p>\r\nngg_shortcode_133_placeholder\r\n<p><!--nextpage--><\/p>\r\n<p style=\"text-align: center\"><strong>SRE\u010cANJE S TAVARESOM<\/strong><\/p>\r\nngg_shortcode_134_placeholder\r\n<p>&nbsp;<\/p>\r\n<p style=\"text-align: center\">&nbsp; &nbsp; &nbsp; &nbsp; &nbsp; &nbsp; &nbsp; &nbsp; &nbsp; &nbsp; &nbsp; &nbsp; &nbsp; &nbsp;<strong> &nbsp;SLOVENSKI TRADICIONALNI ZAJTRK&nbsp; &nbsp;<\/strong>&nbsp;&nbsp; &nbsp; &nbsp; &nbsp; &nbsp; &nbsp; &nbsp; &nbsp; &nbsp; &nbsp;<\/p>\r\nngg_shortcode_135_placeholder\r\n<p style=\"text-align: center\">&nbsp; &nbsp; &nbsp; &nbsp; &nbsp; &nbsp; &nbsp; &nbsp; &nbsp; &nbsp; &nbsp; &nbsp; &nbsp; &nbsp; &nbsp; &nbsp; &nbsp; &nbsp; &nbsp; &nbsp; &nbsp; &nbsp; &nbsp; &nbsp; &nbsp; &nbsp; &nbsp; &nbsp; &nbsp; &nbsp;&nbsp;<\/p>\r\n<p style=\"text-align: center\"><strong>KAMI\u0160IBAJ S FRANJO<\/strong><\/p>\r\nngg_shortcode_136_placeholder\r\n<p>&nbsp;<\/p>\r\n<p style=\"text-align: center\"><strong>NO\u010c \u010cAROVNIC<\/strong><\/p>\r\nngg_shortcode_137_placeholder\r\n<p>&nbsp;<\/p>\r\n<p>&nbsp;<\/p>\r\n<p style=\"text-align: center\"><strong>JESEN V GOZDU<\/strong><\/p>\r\nngg_shortcode_138_placeholder\r\n<p><!--nextpage--><\/p>\r\n<p style=\"text-align: center\"><strong>MOJCA POKRACULJA<\/strong><\/p>\r\n<p>&nbsp;<\/p>\r\nngg_shortcode_139_placeholder\r\n<p>&nbsp;<\/p>\r\n<p>&nbsp;<\/p>\r\n<p style=\"text-align: center\"><strong>\u010cUDOVITA JESEN<\/strong><\/p>\r\nngg_shortcode_140_placeholder\r\n<p>&nbsp;<\/p>\r\n<p style=\"text-align: center\"><strong>POKA\u017dI, KAJ ZNA\u0160!&nbsp; &nbsp;<\/strong> &nbsp; &nbsp; &nbsp; &nbsp;<\/p>\r\nngg_shortcode_141_placeholder\r\n<p>&nbsp;<\/p>\r\n<p>&nbsp;<\/p>\r\n<p>&nbsp;<\/p>\r\n<p style=\"text-align: center\"><strong>MODNA REVIJA<\/strong><\/p>\r\nngg_shortcode_142_placeholder\r\n<p style=\"text-align: center\"><strong>KO BOM VELIK BOM GASILEC<\/strong><\/p>\r\nngg_shortcode_143_placeholder\r\n<p>&nbsp;<\/p>\r\n\r\n\r\n\r\n\r\n","protected":false},"excerpt":{"rendered":"<p>2. STAROSTNO OBDOBJE (4-6 LET) *&nbsp;Vzgojiteljica: Alenka Petek*&nbsp;Pomo\u010dnica vzgojiteljice: Irena Keuschler \u0160OLSKO LETO 2025\/2026 DEJAVNOSTI V MESECU APRILU VRTEC V NARAVI 2.dan VRTEC V NARAVI 1. dan OBMO\u010cNO SRE\u010cANJE OTRO\u0160KIH PEVSKIH ZBOROV&nbsp; NA\u0160 VRTI\u010cEK (Praznujemo &#8220;DAN ZEMLJE&#8221;) GLEDALI\u0160KA SKUPINA &#8220;SOVICE&#8221; (nastop v \u0160ENTILJU na Obmo\u010dnem sre\u010danju gledali\u0161kih skupin) DRU\u017dENJE Z BABICAMI DEJAVNOSTI V MESECU MARCU [&hellip;]<\/p>\n","protected":false},"author":91830,"featured_media":0,"parent":0,"menu_order":6,"comment_status":"closed","ping_status":"closed","template":"","meta":{"_et_pb_use_builder":"","_et_pb_old_content":"","_et_gb_content_width":"","ngg_post_thumbnail":0,"footnotes":""},"class_list":["post-133","page","type-page","status-publish","hentry"],"_links":{"self":[{"href":"https:\/\/vrtecpriosjakobskidol.splet.arnes.si\/index.php?rest_route=\/wp\/v2\/pages\/133","targetHints":{"allow":["GET"]}}],"collection":[{"href":"https:\/\/vrtecpriosjakobskidol.splet.arnes.si\/index.php?rest_route=\/wp\/v2\/pages"}],"about":[{"href":"https:\/\/vrtecpriosjakobskidol.splet.arnes.si\/index.php?rest_route=\/wp\/v2\/types\/page"}],"author":[{"embeddable":true,"href":"https:\/\/vrtecpriosjakobskidol.splet.arnes.si\/index.php?rest_route=\/wp\/v2\/users\/91830"}],"replies":[{"embeddable":true,"href":"https:\/\/vrtecpriosjakobskidol.splet.arnes.si\/index.php?rest_route=%2Fwp%2Fv2%2Fcomments&post=133"}],"version-history":[{"count":20,"href":"https:\/\/vrtecpriosjakobskidol.splet.arnes.si\/index.php?rest_route=\/wp\/v2\/pages\/133\/revisions"}],"predecessor-version":[{"id":35744,"href":"https:\/\/vrtecpriosjakobskidol.splet.arnes.si\/index.php?rest_route=\/wp\/v2\/pages\/133\/revisions\/35744"}],"wp:attachment":[{"href":"https:\/\/vrtecpriosjakobskidol.splet.arnes.si\/index.php?rest_route=%2Fwp%2Fv2%2Fmedia&parent=133"}],"curies":[{"name":"wp","href":"https:\/\/api.w.org\/{rel}","templated":true}]}}