{"id":164,"date":"2022-04-01T08:08:41","date_gmt":"2022-04-01T06:08:41","guid":{"rendered":"https:\/\/vrtecpriosjakobskidol.splet.arnes.si\/?page_id=164"},"modified":"2026-05-12T20:44:22","modified_gmt":"2026-05-12T18:44:22","slug":"praznovanja","status":"publish","type":"page","link":"https:\/\/vrtecpriosjakobskidol.splet.arnes.si\/?page_id=164","title":{"rendered":"Praznovanja"},"content":{"rendered":"&nbsp;\r\n<h1 style=\"text-align: center\">\u0160OLSKO LETO 2025\/26<\/h1>\r\n<p style=\"text-align: center\"><strong>OSKAR (Sovice)<\/strong><\/p>\r\n\r\nngg_shortcode_0_placeholder\r\n<p style=\"text-align: center\"><strong>TEJ (Zvezdice)<\/strong><\/p>\r\n\r\nngg_shortcode_1_placeholder\r\n<p style=\"text-align: center\"><strong>ROMEO (Zvezdice)<\/strong><\/p>\r\n\r\nngg_shortcode_2_placeholder\r\n<p style=\"text-align: center\"><strong>PIA (Zvezdice)<\/strong><\/p>\r\n\r\nngg_shortcode_3_placeholder\r\n<p style=\"text-align: center\"><strong>GLORIJA (Zvezdice)<\/strong><\/p>\r\n\r\nngg_shortcode_4_placeholder\r\n<p style=\"text-align: center\"><strong>ZARJA (Son\u010dki)<\/strong><\/p>\r\n\r\nngg_shortcode_5_placeholder\r\n<p style=\"text-align: center\"><strong>NELI (Sovice)<\/strong><\/p>\r\n\r\nngg_shortcode_6_placeholder\r\n<p style=\"text-align: center\"><strong>SARA ( Ro\u017eice)<\/strong><\/p>\r\n\r\nngg_shortcode_7_placeholder\r\n<p style=\"text-align: center\"><strong>MIA (Sovice)<\/strong><\/p>\r\n\r\nngg_shortcode_8_placeholder\r\n<p style=\"text-align: center\"><strong>TEO (Zvezdice)<\/strong><\/p>\r\n\r\nngg_shortcode_9_placeholder\r\n<p style=\"text-align: center\"><strong>LUCIJA (Son\u010dki)<\/strong><\/p>\r\n\r\nngg_shortcode_10_placeholder\r\n<p style=\"text-align: center\"><strong>AURORA (Ro\u017eice)<\/strong><\/p>\r\n\r\nngg_shortcode_11_placeholder\r\n<p style=\"text-align: center\"><strong>ADAM (Ro\u017eice)<\/strong><\/p>\r\n\r\nngg_shortcode_12_placeholder\r\n<p style=\"text-align: center\"><strong>DOMINIK (Ro\u017eice)<\/strong><\/p>\r\n\r\nngg_shortcode_13_placeholder\r\n<p style=\"text-align: center\"><strong>JAKOB (Sovice)<\/strong><\/p>\r\n\r\nngg_shortcode_14_placeholder\r\n<p style=\"text-align: center\"><strong>KAJA (Sovice)<\/strong><\/p>\r\n\r\nngg_shortcode_15_placeholder\r\n<p style=\"text-align: center\"><strong>TILEN (Sovice)<\/strong><\/p>\r\n\r\nngg_shortcode_16_placeholder\r\n<p style=\"text-align: center\"><strong>MATIC (Son\u010dki)<\/strong><\/p>\r\n\r\nngg_shortcode_17_placeholder\r\n<p style=\"text-align: center\"><strong>AVA (Son\u010dki)<\/strong><\/p>\r\n\r\nngg_shortcode_18_placeholder\r\n<p style=\"text-align: center\"><strong>LARISA (Ro\u017eice)<\/strong><\/p>\r\n\r\nngg_shortcode_19_placeholder\r\n<p style=\"text-align: center\"><strong>LIAM (Ro\u017eice)<\/strong><\/p>\r\n\r\nngg_shortcode_20_placeholder\r\n<p style=\"text-align: center\"><strong>TOBIAS ( Ro\u017eice)<\/strong><\/p>\r\n\r\nngg_shortcode_21_placeholder\r\n<p style=\"text-align: center\"><strong>TIN ( Ro\u017eice)<\/strong><\/p>\r\n\r\nngg_shortcode_22_placeholder\r\n<p style=\"text-align: center\"><strong>Ma\u0161a G. (Zvezdice)<\/strong><\/p>\r\n\r\nngg_shortcode_23_placeholder\r\n<p style=\"text-align: center\"><strong>BO\u017dI\u010cEK<\/strong><\/p>\r\n\r\nngg_shortcode_24_placeholder\r\n<p style=\"text-align: center\"><strong>Vita (Ro\u017eice)<\/strong><\/p>\r\n\r\nngg_shortcode_25_placeholder&nbsp;\r\n\r\n&nbsp;\r\n<p style=\"text-align: center\"><strong>SNE\u017dKINO BO\u017dI\u010cNO DARILO (predstava v okviru strokovnih delavk vrtca)<\/strong><\/p>\r\n\r\nngg_shortcode_26_placeholder\r\n<p style=\"text-align: center\"><strong>Ma\u0161a H. (Zvezdice)<\/strong><\/p>\r\n\r\nngg_shortcode_27_placeholder\r\n<p style=\"text-align: center\"><strong>JON (Sovice)<\/strong><\/p>\r\n\r\nngg_shortcode_28_placeholder\r\n<p style=\"text-align: center\"><strong>TRISTIAN (Zvezdice)<\/strong><\/p>\r\n\r\nngg_shortcode_29_placeholder\r\n<p style=\"text-align: center\"><strong>MIJA (Sovice)<\/strong><\/p>\r\n\r\nngg_shortcode_30_placeholder\r\n<p style=\"text-align: center\"><strong>TIAN IN TIANA<\/strong><\/p>\r\n\r\nngg_shortcode_31_placeholder\r\n<p style=\"text-align: center\"><strong>TAJDA<\/strong><\/p>\r\n\r\nngg_shortcode_32_placeholder\r\n<p style=\"text-align: center\"><strong>MARTIN (Sovice)<\/strong><\/p>\r\n\r\nngg_shortcode_33_placeholder\r\n<p style=\"text-align: center\"><strong>\u010cAROVNICA VILMA NA OBISKU<\/strong><\/p>\r\n\r\nngg_shortcode_34_placeholder\r\n<p style=\"text-align: center\"><strong>NAL (Zvezdice)<\/strong><\/p>\r\n\r\nngg_shortcode_35_placeholder\r\n<p style=\"text-align: center\"><strong>LIAM (Sovice)<\/strong><\/p>\r\n\r\nngg_shortcode_36_placeholder\r\n<p style=\"text-align: center\"><strong>Kaja (Zvezdice)<\/strong><\/p>\r\n\r\nngg_shortcode_37_placeholder\r\n<p style=\"text-align: center\"><strong>VID (Sovice)<\/strong><\/p>\r\n\r\nngg_shortcode_38_placeholder\r\n<p style=\"text-align: center\"><strong>NOEL (Sovice)<\/strong><\/p>\r\n\r\nngg_shortcode_39_placeholder\r\n<p style=\"text-align: center\"><strong>TIJAM (Sovice)<\/strong><\/p>\r\n\r\nngg_shortcode_40_placeholder\r\n<p style=\"text-align: center\"><strong>LAN ( Ro\u017eice)<\/strong><\/p>\r\n\r\nngg_shortcode_41_placeholder&nbsp;\r\n<h1 style=\"text-align: center\">\u0160OLSKO LETO 2024\/25<\/h1>\r\n&nbsp;\r\n\r\n&nbsp;\r\n<p style=\"text-align: center\"><strong>GABRIJEL ( Sovice)<\/strong><\/p>\r\n\r\nngg_shortcode_42_placeholder\r\n<p style=\"text-align: center\"><strong>NOEMI (Zvezdice)<\/strong><\/p>\r\n&nbsp;\r\n\r\nngg_shortcode_43_placeholder\r\n<p style=\"text-align: center\"><strong>EJA 2 (Zvezdice)<\/strong><\/p>\r\n\r\nngg_shortcode_44_placeholder\r\n<p style=\"text-align: center\"><strong>PRIREDITEV OB ZAKLJU\u010cKU VRT\u010cEVSKEGA LETA 24\/25<\/strong><\/p>\r\n\r\nngg_shortcode_45_placeholder\r\n<p style=\"text-align: center\"><strong>ALEKS (Sovice)<\/strong><\/p>\r\n\r\nngg_shortcode_46_placeholder\r\n<p style=\"text-align: center\"><strong>ANJA (Son\u010dki)<\/strong><\/p>\r\n\r\nngg_shortcode_47_placeholder&nbsp;\r\n<p style=\"text-align: center\"><strong>LIDIJA (Son\u010dki)<\/strong><\/p>\r\n\r\nngg_shortcode_48_placeholder&nbsp;\r\n<p style=\"text-align: center\">&nbsp;<\/p>\r\n<p style=\"text-align: center\">&nbsp;<\/p>\r\n<p style=\"text-align: center\"><strong>AVRIL<\/strong><\/p>\r\n\r\nngg_shortcode_49_placeholder\r\n<p style=\"text-align: center\"><strong>JULIJAN<\/strong><\/p>\r\n\r\nngg_shortcode_50_placeholder\r\n<h5 style=\"text-align: center\">ALINA<\/h5>\r\nngg_shortcode_51_placeholder\r\n<h5 style=\"text-align: center\">STA\u0160 1 (Zvezdice)<\/h5>\r\nngg_shortcode_52_placeholder\r\n<h5 style=\"text-align: center\">OTJA 2 (Zvezdice)<\/h5>\r\nngg_shortcode_53_placeholder\r\n<h5 style=\"text-align: center\">TARA (SON\u010cKI)<\/h5>\r\nngg_shortcode_54_placeholder&nbsp;\r\n<h5 style=\"text-align: center\">JAKOB SE DRU\u017dI IN MIGA<\/h5>\r\nngg_shortcode_55_placeholder\r\n<h5>&nbsp;<\/h5>\r\n<h5 style=\"text-align: center\">OSKAR<\/h5>\r\nngg_shortcode_56_placeholder\r\n<h5>&nbsp;<\/h5>\r\n<h5 style=\"text-align: center\">DESIREE DENISE 2 (Zvezdice)<\/h5>\r\nngg_shortcode_57_placeholder\r\n<h5 style=\"text-align: center\">NELI (Sovice)<\/h5>\r\nngg_shortcode_58_placeholder\r\n<h5 style=\"text-align: center\">ZARJA 2 (Zvezdice)<\/h5>\r\nngg_shortcode_59_placeholder\r\n<h5 style=\"text-align: center\">SARA (Son\u010dki)<\/h5>\r\nngg_shortcode_60_placeholder\r\n<h5>&nbsp;<\/h5>\r\n<h5 style=\"text-align: center\">Mia (Sovice)<\/h5>\r\nngg_shortcode_61_placeholder\r\n<h5 style=\"text-align: center\">PUST VESELIH UST<\/h5>\r\n&nbsp;\r\n\r\nngg_shortcode_62_placeholder\r\n<h5>&nbsp;<\/h5>\r\n<h5 style=\"text-align: center\">Pia (Sovice)<\/h5>\r\nngg_shortcode_63_placeholder\r\n<h5 style=\"text-align: center\">Kevin in Tilen (Sovice)<\/h5>\r\nngg_shortcode_64_placeholder\r\n<h5 style=\"text-align: center\">KAJA<\/h5>\r\nngg_shortcode_65_placeholder\r\n<h5>&nbsp;<\/h5>\r\n<h5 style=\"text-align: center\">LUCIJA 2 (Zvezdice)<\/h5>\r\nngg_shortcode_66_placeholder\r\n<h5 style=\"text-align: center\">TILEN<\/h5>\r\nngg_shortcode_67_placeholder\r\n<h5>&nbsp;<\/h5>\r\n<h5 style=\"text-align: center\">LUKAS (Sovice)<\/h5>\r\nngg_shortcode_68_placeholder\r\n<h5 style=\"text-align: center\">JAKOB H. (Sovice)<\/h5>\r\nngg_shortcode_69_placeholder\r\n<h5 style=\"text-align: center\">AURORA (SON\u010cKI)<\/h5>\r\nngg_shortcode_70_placeholder\r\n<h5 style=\"text-align: center\">ADAM (SON\u010cKI)<\/h5>\r\nngg_shortcode_71_placeholder\r\n<h5 style=\"text-align: center\">MATIC 2 (Zvezdice)<\/h5>\r\nngg_shortcode_72_placeholder\r\n<h5 style=\"text-align: center\">LARISA 2 (Zvezdice)<\/h5>\r\nngg_shortcode_73_placeholder\r\n<h5 style=\"text-align: center\">AVA 2 (Zvezdice)<\/h5>\r\nngg_shortcode_74_placeholder\r\n<h5 style=\"text-align: center\">VITA (SON\u010cKI)<\/h5>\r\nngg_shortcode_75_placeholder\r\n<h5 style=\"text-align: center\">LIAM (SON\u010cKI)<\/h5>\r\nngg_shortcode_76_placeholder\r\n<h5 style=\"text-align: center\">OBISK BO\u017dI\u010cKA<\/h5>\r\nngg_shortcode_77_placeholder\r\n<h5 style=\"text-align: center\">PREDSTAVA &#8221; NEKE ZIMSKE NO\u010cI&#8221;<\/h5>\r\nngg_shortcode_78_placeholder&nbsp;\r\n<h5 style=\"text-align: center\">JON (Sovice)<\/h5>\r\nngg_shortcode_79_placeholder\r\n<h5 style=\"text-align: center\">TIN ( Ro\u017eice )<\/h5>\r\nngg_shortcode_80_placeholder\r\n<h5 style=\"text-align: center\">MARTIN ( Ro\u017eice)<\/h5>\r\n&nbsp;\r\n\r\nngg_shortcode_81_placeholder\r\n<h5>&nbsp;<\/h5>\r\n<h5 style=\"text-align: center\">TIANA IN TIAN (Ro\u017eice)<\/h5>\r\nngg_shortcode_82_placeholder&nbsp;\r\n<h5 style=\"text-align: center\">Tristian 1 (Zvezdice)<\/h5>\r\nngg_shortcode_83_placeholder\r\n<h5 style=\"text-align: center\">Tobias 2 (Zvezdice)<\/h5>\r\nngg_shortcode_84_placeholder\r\n<h5 style=\"text-align: center\">Mija (Sovice)<\/h5>\r\nngg_shortcode_85_placeholder\r\n<h5 style=\"text-align: center\">Maria in Danijel (Sovice)<\/h5>\r\nngg_shortcode_86_placeholder\r\n<h5 style=\"text-align: center\">TAJDA (Son\u010dki)<\/h5>\r\n<h5>&nbsp;<\/h5>\r\nngg_shortcode_87_placeholder\r\n<h5 style=\"text-align: center\">LIAM ( Ro\u017eice)<\/h5>\r\n&nbsp;\r\n\r\nngg_shortcode_88_placeholder\r\n<h5 style=\"text-align: center\">VID ( Ro\u017eice)<\/h5>\r\nngg_shortcode_89_placeholder\r\n<h5>&nbsp;<\/h5>\r\n<h5 style=\"text-align: center\">TINA (Sovice)<\/h5>\r\nngg_shortcode_90_placeholder\r\n<h5 style=\"text-align: center\">TIJAM ( Ro\u017eice)<\/h5>\r\n&nbsp;\r\n\r\nngg_shortcode_91_placeholder\r\n<h5 style=\"text-align: center\">TIAN (Sovice)<\/h5>\r\nngg_shortcode_92_placeholder\r\n<h5 style=\"text-align: center\">NOEL (Sovice)<\/h5>\r\nngg_shortcode_93_placeholder\r\n<h5 style=\"text-align: center\">LAN (Son\u010dki)<\/h5>\r\nngg_shortcode_94_placeholder\r\n<h5>&nbsp;<\/h5>\r\n<h5 style=\"text-align: center\">ANJA (Zvezdice)<\/h5>\r\nngg_shortcode_95_placeholder\r\n<h5 style=\"text-align: center\">TIM (Son\u010dki)<\/h5>\r\nngg_shortcode_96_placeholder\r\n<h5 style=\"text-align: center\">RENE<\/h5>\r\nngg_shortcode_97_placeholder\r\n<h5>&nbsp;<\/h5>\r\n<h5>&nbsp;<\/h5>\r\n<h5 style=\"text-align: center\">ELLA<\/h5>\r\nngg_shortcode_98_placeholder\r\n<h5 style=\"text-align: center\">JULIJA<\/h5>\r\nngg_shortcode_99_placeholder\r\n<h5>&nbsp;<\/h5>\r\n<h5>&nbsp;<\/h5>\r\n<h5 style=\"text-align: center\"><strong>GAL 4<\/strong><\/h5>\r\nngg_shortcode_100_placeholder\r\n<h5>&nbsp;<\/h5>\r\n<h5 style=\"text-align: center\"><strong>AVRIL (Son\u010dki)<\/strong><\/h5>\r\nngg_shortcode_101_placeholder\r\n<h5 style=\"text-align: center\"><strong>JULIJAN (Son\u010dki)<\/strong><\/h5>\r\nngg_shortcode_102_placeholder\r\n<h5 style=\"text-align: center\"><strong>ALINA (Son\u010dki)<\/strong><\/h5>\r\nngg_shortcode_103_placeholder\r\n<h5 style=\"text-align: center\"><strong>OSKAR (Son\u010dki)<\/strong><\/h5>\r\nngg_shortcode_104_placeholder\r\n<h5 style=\"text-align: center\"><strong>TIAN<\/strong><\/h5>\r\nngg_shortcode_105_placeholder\r\n<h5>&nbsp;<\/h5>\r\n<h5 style=\"text-align: center\">KLARA<\/h5>\r\nngg_shortcode_106_placeholder\r\n<h5 style=\"text-align: center\">JAN<\/h5>\r\nngg_shortcode_107_placeholder\r\n<h5>&nbsp;<\/h5>\r\n<h5 style=\"text-align: center\">SARA (Zvezdice)<\/h5>\r\nngg_shortcode_108_placeholder\r\n<h5 style=\"text-align: center\">PIA<\/h5>\r\nngg_shortcode_109_placeholder&nbsp;\r\n\r\n&nbsp;\r\n<h5 style=\"text-align: center\"><strong>KEVIN IN TILEN<\/strong><\/h5>\r\n&nbsp;\r\n\r\nngg_shortcode_110_placeholder\r\n<h5>&nbsp;<\/h5>\r\n<h5 style=\"text-align: center\">LUKAS<\/h5>\r\nngg_shortcode_111_placeholder\r\n<h5 style=\"text-align: center\">NELI 4<\/h5>\r\nngg_shortcode_112_placeholder\r\n<h5 style=\"text-align: center\">MIA 4<\/h5>\r\nngg_shortcode_113_placeholder\r\n<h5 style=\"text-align: center\">NAJA<\/h5>\r\nngg_shortcode_114_placeholder\r\n<h5 style=\"text-align: center\">AURORA (Zvezdice)<\/h5>\r\nngg_shortcode_115_placeholder\r\n<h5 style=\"text-align: center\">TILEN (Son\u010dki)<\/h5>\r\nngg_shortcode_116_placeholder\r\n<h1 style=\"text-align: center\">ADAM (Zvezdice)<\/h1>\r\nngg_shortcode_117_placeholder\r\n<!--nextpage-->\r\n<p style=\"text-align: center\"><strong>FILIP<\/strong><\/p>\r\n\r\nngg_shortcode_118_placeholder\r\n<h4 style=\"text-align: center\">JAKOB 4<\/h4>\r\nngg_shortcode_119_placeholder\r\n<p style=\"text-align: center\"><strong>KAJA 3<\/strong><\/p>\r\n\r\nngg_shortcode_120_placeholder&nbsp;\r\n<p style=\"text-align: center\"><strong>LIN<\/strong><\/p>\r\n\r\nngg_shortcode_121_placeholder\r\n<p style=\"text-align: center\"><strong>URBAN&nbsp;<\/strong> &nbsp; &nbsp; &nbsp; &nbsp; &nbsp; &nbsp; &nbsp; &nbsp; &nbsp; &nbsp; &nbsp; &nbsp; &nbsp; &nbsp; &nbsp; &nbsp; &nbsp; &nbsp; &nbsp; &nbsp; &nbsp; &nbsp; &nbsp; &nbsp; &nbsp; &nbsp; &nbsp; &nbsp; &nbsp; &nbsp; &nbsp; &nbsp; &nbsp; &nbsp; &nbsp; &nbsp; &nbsp; &nbsp; &nbsp; &nbsp; &nbsp; &nbsp; &nbsp; &nbsp; &nbsp; &nbsp; &nbsp; &nbsp; &nbsp; &nbsp; &nbsp; &nbsp; &nbsp; &nbsp; &nbsp; &nbsp; &nbsp; &nbsp; &nbsp; &nbsp; &nbsp; &nbsp;<strong>&nbsp; &nbsp;&nbsp;<\/strong><\/p>\r\n\r\nngg_shortcode_122_placeholder&nbsp;\r\n<p style=\"text-align: center\"><strong>LIAM (ZVEZDICE)<\/strong><\/p>\r\n\r\nngg_shortcode_123_placeholder\r\n<!--nextpage-->\r\n<h1 style=\"text-align: center\">PRIHOD BO\u017dI\u010cKA<\/h1>\r\nngg_shortcode_124_placeholder&nbsp;\r\n<p style=\"text-align: center\"><strong>JON (Ro\u017eice)<\/strong><\/p>\r\n\r\nngg_shortcode_125_placeholder\r\n<p style=\"text-align: center\"><strong>TIN (Son\u010dki)<\/strong><\/p>\r\n\r\nngg_shortcode_126_placeholder&nbsp;\r\n<p style=\"text-align: center\"><strong>MIJA (Ro\u017eice)<\/strong><\/p>\r\n\r\nngg_shortcode_127_placeholder\r\n<p style=\"text-align: center\"><strong>TOBIAS (Zvezdice)<\/strong><\/p>\r\n\r\nngg_shortcode_128_placeholder\r\n<!--nextpage-->\r\n<p style=\"text-align: center\"><strong>DANIJEL<\/strong><\/p>\r\n\r\nngg_shortcode_129_placeholder\r\n<p style=\"text-align: center\"><strong>TIAN in TIANA (Zvezdice)<\/strong><\/p>\r\n\r\nngg_shortcode_130_placeholder\r\n<p style=\"text-align: center\"><strong>TAJDA (Zvezdice)<\/strong><\/p>\r\n\r\nngg_shortcode_131_placeholder\r\n<p style=\"text-align: center\">TINA (Ro\u017eice)<\/p>\r\n\r\nngg_shortcode_132_placeholder<!--nextpage-->\r\n<p style=\"text-align: center\">EMA<\/p>\r\n\r\nngg_shortcode_133_placeholder&nbsp;\r\n<!--nextpage-->\r\n&nbsp;\r\n<p style=\"text-align: center\">\u0160ANAJA<\/p>\r\n&nbsp;\r\n\r\nngg_shortcode_134_placeholder\r\n<p style=\"text-align: center\">LIAM (Son\u010dki)<\/p>\r\n\r\nngg_shortcode_135_placeholder\r\n<p style=\"text-align: center\"><strong>TEDEN OTROKA (<\/strong>Lutkovna predstava v izvedbi strokovnih delavk vrtca <strong>&#8211; &#8220;JESENSKI DIRENDAJ&#8221;)<\/strong><\/p>\r\n\r\nngg_shortcode_136_placeholder&nbsp;\r\n<p style=\"text-align: center\">TIJAM (Son\u010dki)<\/p>\r\n\r\nngg_shortcode_137_placeholder<!--nextpage-->\r\n<p style=\"text-align: center\">&nbsp;<\/p>\r\n<p style=\"text-align: center\">JAKOB in JERNEJ (RO\u017dICE)<\/p>\r\n\r\nngg_shortcode_138_placeholder&nbsp;\r\n\r\n<!--nextpage-->\r\n<p style=\"text-align: center\">SEBASTJAN (RO\u017dICE)<\/p>\r\n&nbsp;\r\n\r\nngg_shortcode_139_placeholder\r\n<p style=\"text-align: center\"><strong>TIM (Zvezdice)<\/strong><\/p>\r\n\r\nngg_shortcode_140_placeholder\r\n<p style=\"text-align: center\"><strong>MAX<\/strong><\/p>\r\n\r\nngg_shortcode_141_placeholder\r\n<p style=\"text-align: center\"><strong>ELLA<\/strong><\/p>\r\n\r\nngg_shortcode_142_placeholder\r\n<p style=\"text-align: center\"><strong>ELA<\/strong><\/p>\r\n&nbsp;\r\n\r\nngg_shortcode_143_placeholder&nbsp;\r\n\r\n<!--nextpage-->\r\n<p style=\"text-align: center\">ALEKS (RO\u017dICE)<\/p>\r\n&nbsp;\r\n\r\nngg_shortcode_144_placeholder\r\n<p style=\"text-align: center\">GAL (RO\u017dICE)<\/p>\r\n\r\nngg_shortcode_145_placeholder\r\n<p style=\"text-align: center\"><strong>TINA<\/strong><\/p>\r\n\r\nngg_shortcode_146_placeholder\r\n<p style=\"text-align: center\"><strong>LINA<\/strong><\/p>\r\n\r\nngg_shortcode_147_placeholder\r\n<p style=\"text-align: center\"><strong>&nbsp; &nbsp; &nbsp; &nbsp; &nbsp; &nbsp; &nbsp; &nbsp; &nbsp; &nbsp; &nbsp; &nbsp; &nbsp; &nbsp; &nbsp; &nbsp; &nbsp;<\/strong><\/p>\r\n&nbsp;\r\n<p style=\"text-align: center\"><strong> AVRIL (Zvezdice)<\/strong><\/p>\r\n\r\nngg_shortcode_148_placeholder<!--nextpage-->\r\n<p style=\"text-align: center\"><strong>JULIJAN (Zvezdice)<\/strong><\/p>\r\n\r\nngg_shortcode_149_placeholder\r\n<p style=\"text-align: center\"><strong>ALINA (Zvezdice)<\/strong><\/p>\r\n\r\nngg_shortcode_150_placeholder\r\n<p style=\"text-align: center\"><strong>&nbsp; &nbsp; &nbsp; &nbsp; &nbsp; &nbsp; &nbsp; &nbsp; &nbsp; &nbsp; &nbsp; &nbsp; &nbsp; &nbsp; &nbsp; &nbsp; &nbsp; &nbsp; &nbsp; &nbsp; &nbsp; &nbsp; &nbsp; &nbsp; &nbsp; &nbsp; &nbsp; &nbsp;<\/strong><\/p>\r\n&nbsp;\r\n<p style=\"text-align: center\"><strong> &nbsp; &nbsp; &nbsp;BLA\u017d&nbsp; &nbsp; &nbsp;<\/strong><\/p>\r\n\r\nngg_shortcode_151_placeholder\r\n<p style=\"text-align: center\"><strong>&nbsp; &nbsp; &nbsp; &nbsp; &nbsp;<\/strong><\/p>\r\n<p style=\"text-align: center\"><strong>OSKAR (Zvezdice)<\/strong><\/p>\r\n\r\nngg_shortcode_152_placeholder\r\n<p style=\"text-align: center\"><strong>TIAN<\/strong><\/p>\r\n\r\nngg_shortcode_153_placeholder<strong>&nbsp; &nbsp; &nbsp; &nbsp; &nbsp; &nbsp; &nbsp; &nbsp; &nbsp; &nbsp; &nbsp; &nbsp; &nbsp; &nbsp; &nbsp; &nbsp; &nbsp; &nbsp; &nbsp; &nbsp; &nbsp; &nbsp; &nbsp; &nbsp; &nbsp; &nbsp; &nbsp; &nbsp; &nbsp; &nbsp; &nbsp; &nbsp; &nbsp; &nbsp; &nbsp; &nbsp; &nbsp; &nbsp; &nbsp; &nbsp; &nbsp; &nbsp; &nbsp; &nbsp; &nbsp; &nbsp; &nbsp; &nbsp; &nbsp; &nbsp; &nbsp; &nbsp; &nbsp; &nbsp;KLARA<\/strong>\r\n\r\n&nbsp;\r\n\r\nngg_shortcode_154_placeholder\r\n<p style=\"text-align: center\"><strong>NELI (RO\u017dICE)<\/strong><\/p>\r\n\r\nngg_shortcode_155_placeholder&nbsp;\r\n\r\n<!--nextpage-->\r\n<p style=\"text-align: center\"><strong>MIA (RO\u017dICE)<\/strong><\/p>\r\n\r\nngg_shortcode_156_placeholder\r\n<p style=\"text-align: center\"><strong>PIA (RO\u017dICE)<\/strong><\/p>\r\n\r\nngg_shortcode_157_placeholder\r\n<p style=\"text-align: center\"><strong>KEVIN in TILEN (RO\u017dICE)<\/strong><\/p>\r\n\r\nngg_shortcode_158_placeholder\r\n<figure class=\"wp-block-image size-large\"><\/figure>\r\n<p style=\"text-align: center\"><strong>MATIC<\/strong><\/p>\r\n\r\nngg_shortcode_159_placeholder\r\n<p style=\"text-align: center\"><strong>AURORA (Zvezdice)<\/strong><\/p>\r\n\r\nngg_shortcode_160_placeholder<!--nextpage-->\r\n<p style=\"text-align: center\">LUKAS ( RO\u017dICE )<\/p>\r\n\r\nngg_shortcode_161_placeholder\r\n<p style=\"text-align: center\"><strong>TILEN (Zvezdice)<\/strong><\/p>\r\n\r\nngg_shortcode_162_placeholder\r\n<p style=\"text-align: center\"><strong>ADAM (Zvezdice)<\/strong><\/p>\r\n\r\nngg_shortcode_163_placeholder\r\n<p style=\"text-align: center\"><strong>KAJA (Zvezdice)<\/strong><\/p>\r\n\r\nngg_shortcode_164_placeholder\r\n<p style=\"text-align: center\"><strong>LIAM (Zvezdice)<\/strong><\/p>\r\n\r\nngg_shortcode_165_placeholder<!--nextpage-->\r\n<p style=\"text-align: center\"><strong>LARS ( SOVICE )<\/strong><\/p>\r\n&nbsp;\r\n\r\nngg_shortcode_166_placeholder&nbsp;\r\n\r\n&nbsp;\r\n<h2 style=\"text-align: center\">FILIP (&#8220;RO\u017dICE&#8221;)<\/h2>\r\nngg_shortcode_167_placeholder\r\n<h2 style=\"text-align: center\"><strong>JON (Zvezdice)<\/strong><\/h2>\r\nngg_shortcode_168_placeholder\r\n<h2 style=\"text-align: center\"><strong>LIN<\/strong><\/h2>\r\nngg_shortcode_169_placeholder\r\n<h2 style=\"text-align: center\"><strong>URBAN<\/strong><\/h2>\r\nngg_shortcode_170_placeholder<!--nextpage-->\r\n<h2 style=\"text-align: center\"><strong>MIJA<\/strong><\/h2>\r\nngg_shortcode_171_placeholder\r\n<h2 style=\"text-align: center\"><strong>EMA (SOVICE)<\/strong><\/h2>\r\nngg_shortcode_172_placeholder\r\n<h2 style=\"text-align: center\"><strong>\u0160ANAJA (SOVICE)<\/strong><\/h2>\r\nngg_shortcode_173_placeholder\r\n<h2 style=\"text-align: center\"><strong>MIHA (SOVICE)<\/strong><\/h2>\r\nngg_shortcode_174_placeholder\r\n<h2 style=\"text-align: center\"><strong>TINA (RO\u017dICE)<\/strong><\/h2>\r\nngg_shortcode_175_placeholder&nbsp;\r\n\r\n&nbsp;<!-- \/wp:post-content -->","protected":false},"excerpt":{"rendered":"<p>&nbsp; \u0160OLSKO LETO 2025\/26 OSKAR (Sovice) TEJ (Zvezdice) ROMEO (Zvezdice) PIA (Zvezdice) GLORIJA (Zvezdice) ZARJA (Son\u010dki) NELI (Sovice) SARA ( Ro\u017eice) MIA (Sovice) TEO (Zvezdice) LUCIJA (Son\u010dki) AURORA (Ro\u017eice) ADAM (Ro\u017eice) DOMINIK (Ro\u017eice) JAKOB (Sovice) KAJA (Sovice) TILEN (Sovice) MATIC (Son\u010dki) AVA (Son\u010dki) LARISA (Ro\u017eice) LIAM (Ro\u017eice) TOBIAS ( Ro\u017eice) TIN ( Ro\u017eice) Ma\u0161a G. [&hellip;]<\/p>\n","protected":false},"author":91830,"featured_media":0,"parent":0,"menu_order":8,"comment_status":"closed","ping_status":"closed","template":"","meta":{"_et_pb_use_builder":"","_et_pb_old_content":"","_et_gb_content_width":"","ngg_post_thumbnail":0,"footnotes":""},"class_list":["post-164","page","type-page","status-publish","hentry"],"_links":{"self":[{"href":"https:\/\/vrtecpriosjakobskidol.splet.arnes.si\/index.php?rest_route=\/wp\/v2\/pages\/164","targetHints":{"allow":["GET"]}}],"collection":[{"href":"https:\/\/vrtecpriosjakobskidol.splet.arnes.si\/index.php?rest_route=\/wp\/v2\/pages"}],"about":[{"href":"https:\/\/vrtecpriosjakobskidol.splet.arnes.si\/index.php?rest_route=\/wp\/v2\/types\/page"}],"author":[{"embeddable":true,"href":"https:\/\/vrtecpriosjakobskidol.splet.arnes.si\/index.php?rest_route=\/wp\/v2\/users\/91830"}],"replies":[{"embeddable":true,"href":"https:\/\/vrtecpriosjakobskidol.splet.arnes.si\/index.php?rest_route=%2Fwp%2Fv2%2Fcomments&post=164"}],"version-history":[{"count":19,"href":"https:\/\/vrtecpriosjakobskidol.splet.arnes.si\/index.php?rest_route=\/wp\/v2\/pages\/164\/revisions"}],"predecessor-version":[{"id":35961,"href":"https:\/\/vrtecpriosjakobskidol.splet.arnes.si\/index.php?rest_route=\/wp\/v2\/pages\/164\/revisions\/35961"}],"wp:attachment":[{"href":"https:\/\/vrtecpriosjakobskidol.splet.arnes.si\/index.php?rest_route=%2Fwp%2Fv2%2Fmedia&parent=164"}],"curies":[{"name":"wp","href":"https:\/\/api.w.org\/{rel}","templated":true}]}}