{"id":19384,"date":"2024-11-27T07:09:21","date_gmt":"2024-11-27T06:09:21","guid":{"rendered":"https:\/\/vrtecpriosjakobskidol.splet.arnes.si\/?page_id=19384"},"modified":"2025-11-24T18:16:29","modified_gmt":"2025-11-24T17:16:29","slug":"svetovalna-sluzba","status":"publish","type":"page","link":"https:\/\/vrtecpriosjakobskidol.splet.arnes.si\/?page_id=19384","title":{"rendered":"Svetovalna slu\u017eba"},"content":{"rendered":"<p><strong>SVETOVALNA SLU\u017dBA:<\/strong><\/p>\n<p>Svetovalna slu\u017eba v vrtcu z znanjem, strokovnostjo in sodelovanjem podpira otroke, star\u0161e ter strokovne delavce pri ustvarjanju spodbudnega okolja za razvoj in u\u010denje. Svetovalni delavec spremlja otrokov razvoj, spodbuja socialno vklju\u010devanje in pomaga odraslim razumeti ter ustrezno odgovoriti na potrebe otrok. Z vzpostavljanjem zaupanja in partnerskih odnosov prispeva k oblikovanju kakovostnega vzgojno-izobra\u017eevalnega procesa ter krepitvi profesionalnega razvoja vseh vklju\u010denih.<\/p>\n<p>Svetovalna slu\u017eba opravlja delo v skladu s strokovnimi in eti\u010dnimi na\u010deli (Programske smernice svetovalnega dela v programih s podro\u010dja vzgoje in izobra\u017eevanja, Eti\u010dni kodeks in Kurikulum za vrtce). V kolikor je potrebno, svetovalna slu\u017eba v soglasju s star\u0161i pri svojem delu sodeluje tudi z drugimi strokovnimi institucijami.<\/p>\n<p>Podro\u010dja svetovalnega dela v vrtcu:<\/p>\n<ul>\n<li>Varno, spodbudno in vklju\u010dujo\u010de okolje&nbsp;<\/li>\n<li>Celostni razvoj in dobrobit\/blagostanje otrok<\/li>\n<li>Igra in u\u010denje otrok<\/li>\n<li>Uvajanje novincev in prehodi otrok<\/li>\n<li>Razvoj vzgojno-izobra\u017eevalnega zavoda in profesionalni razvoj<\/li>\n<\/ul>\n<p>Za posamezna podro\u010dja dela svetovalne slu\u017ebe skrbita pedagoginji Alenka Boro\u0161ak, Ma\u0161a Repi\u010d<\/p>\n<p>V svetovalni slu\u017ebi se lahko oglasite vsak dan po vnaprej\u0161njem dogovoru.<\/p>\n<p><a href=\"https:\/\/vrtecpriosjakobskidol.splet.arnes.si\/files\/2024\/12\/20241211_072020-scaled.jpg\"><img loading=\"lazy\" decoding=\"async\" class=\"aligncenter wp-image-20102 size-medium\" src=\"https:\/\/vrtecpriosjakobskidol.splet.arnes.si\/files\/2024\/12\/20241211_072020-169x300.jpg\" alt=\"\" width=\"169\" height=\"300\" srcset=\"https:\/\/vrtecpriosjakobskidol.splet.arnes.si\/files\/2024\/12\/20241211_072020-169x300.jpg 169w, https:\/\/vrtecpriosjakobskidol.splet.arnes.si\/files\/2024\/12\/20241211_072020-578x1024.jpg 578w, https:\/\/vrtecpriosjakobskidol.splet.arnes.si\/files\/2024\/12\/20241211_072020-768x1362.jpg 768w, https:\/\/vrtecpriosjakobskidol.splet.arnes.si\/files\/2024\/12\/20241211_072020-866x1536.jpg 866w, https:\/\/vrtecpriosjakobskidol.splet.arnes.si\/files\/2024\/12\/20241211_072020-1155x2048.jpg 1155w, https:\/\/vrtecpriosjakobskidol.splet.arnes.si\/files\/2024\/12\/20241211_072020-scaled.jpg 1444w\" sizes=\"(max-width: 169px) 100vw, 169px\" \/><\/a><\/p>\n<p><strong>ZGODNJA OBRAVNAVA OTROK:<\/strong><\/p>\n<p>V pred\u0161olskem obdobju je zelo pomembno zgodnjo prepoznavanje otrokovih odstopanj v razvoju, ki ga prepoznajo star\u0161i, strokovni delavci v vrtcu ali zdravni\u0161ko osebje. Ob ugotovitvah odstopanj, je potrebna \u010dimprej\u0161nja vklju\u010ditev v sistem zgodnje obravnave, katere namen je zagotavljanje hitre, u\u010dinkovite in ustrezne pomo\u010di otroku in dru\u017eini.<\/p>\n<p>Vzgojitelja za zgodnjo obravnavo otrok sta Ma\u0161a Repi\u010d in Andrej Fekonja<\/p>\n","protected":false},"excerpt":{"rendered":"<p>SVETOVALNA SLU\u017dBA: Svetovalna slu\u017eba v vrtcu z znanjem, strokovnostjo in sodelovanjem podpira otroke, star\u0161e ter strokovne delavce pri ustvarjanju spodbudnega okolja za razvoj in u\u010denje. Svetovalni delavec spremlja otrokov razvoj, spodbuja socialno vklju\u010devanje in pomaga odraslim razumeti ter ustrezno odgovoriti na potrebe otrok. Z vzpostavljanjem zaupanja in partnerskih odnosov prispeva k oblikovanju kakovostnega vzgojno-izobra\u017eevalnega procesa [&hellip;]<\/p>\n","protected":false},"author":80750,"featured_media":0,"parent":0,"menu_order":0,"comment_status":"closed","ping_status":"closed","template":"","meta":{"_et_pb_use_builder":"","_et_pb_old_content":"","_et_gb_content_width":"","ngg_post_thumbnail":0,"footnotes":""},"class_list":["post-19384","page","type-page","status-publish","hentry"],"_links":{"self":[{"href":"https:\/\/vrtecpriosjakobskidol.splet.arnes.si\/index.php?rest_route=\/wp\/v2\/pages\/19384","targetHints":{"allow":["GET"]}}],"collection":[{"href":"https:\/\/vrtecpriosjakobskidol.splet.arnes.si\/index.php?rest_route=\/wp\/v2\/pages"}],"about":[{"href":"https:\/\/vrtecpriosjakobskidol.splet.arnes.si\/index.php?rest_route=\/wp\/v2\/types\/page"}],"author":[{"embeddable":true,"href":"https:\/\/vrtecpriosjakobskidol.splet.arnes.si\/index.php?rest_route=\/wp\/v2\/users\/80750"}],"replies":[{"embeddable":true,"href":"https:\/\/vrtecpriosjakobskidol.splet.arnes.si\/index.php?rest_route=%2Fwp%2Fv2%2Fcomments&post=19384"}],"version-history":[{"count":15,"href":"https:\/\/vrtecpriosjakobskidol.splet.arnes.si\/index.php?rest_route=\/wp\/v2\/pages\/19384\/revisions"}],"predecessor-version":[{"id":29465,"href":"https:\/\/vrtecpriosjakobskidol.splet.arnes.si\/index.php?rest_route=\/wp\/v2\/pages\/19384\/revisions\/29465"}],"wp:attachment":[{"href":"https:\/\/vrtecpriosjakobskidol.splet.arnes.si\/index.php?rest_route=%2Fwp%2Fv2%2Fmedia&parent=19384"}],"curies":[{"name":"wp","href":"https:\/\/api.w.org\/{rel}","templated":true}]}}