{"id":25785,"date":"2025-06-24T11:01:35","date_gmt":"2025-06-24T09:01:35","guid":{"rendered":"https:\/\/vrtecpriosjakobskidol.splet.arnes.si\/?page_id=25785"},"modified":"2025-07-03T11:43:31","modified_gmt":"2025-07-03T09:43:31","slug":"analiza-ankete-o-zadovoljstvu-starsev","status":"publish","type":"page","link":"https:\/\/vrtecpriosjakobskidol.splet.arnes.si\/?page_id=25785","title":{"rendered":"Analiza ankete o zadovoljstvu star\u0161ev"},"content":{"rendered":"<p style=\"text-align: center\"><strong>ANALIZA ANKETNEGA VPRA\u0160ALNIKA O ZADOVOLJSTVU STAR\u0160EV Z VRTCEM PRI OSNOVNI \u0160OLI JAKOBSKI DOL<\/strong><\/p>\n<p>&nbsp;<\/p>\n<p>Anketa z naslovom Zadovoljstvo star\u0161ev z vrtcem je potekala od 26. 3. 2025 do 10. 4. 2025. V \u0161olskem letu 2024\/25 vrtec obiskuje 58 otrok. Ve\u010d otrok ima istega star\u0161a, zato so ti star\u0161i anketo re\u0161ili le enkrat, pri prvem vpra\u0161anju pa ozna\u010dili ve\u010d skupin, ki jih njihov otrok obiskuje. Anketo je skupaj re\u0161ilo 29 star\u0161ev. &nbsp;<\/p>\n<p><img loading=\"lazy\" decoding=\"async\" class=\"alignnone size-medium wp-image-26088 aligncenter\" src=\"https:\/\/vrtecpriosjakobskidol.splet.arnes.si\/files\/2025\/07\/1-300x108.png\" alt=\"\" width=\"300\" height=\"108\"\/><\/p>\n<p style=\"text-align: center\">Graf 1: \u0160tevilo re\u0161enih anket po skupinah<\/p>\n<p style=\"text-align: center\">&nbsp;<\/p>\n<p>Graf 1 prikazuje, kako so star\u0161i ozna\u010dili, katero skupino v vrtcu obiskuje njihov otrok. Ker je bilo mo\u017eno ozna\u010diti ve\u010d skupin hkrati, je skupni odstotek ve\u010d kot 100 %. Anketo je re\u0161evalo 29 star\u0161ev, ki imajo skupaj 36 otrok. To pomeni, da ima nekaj star\u0161ev v vrtcu ve\u010d kot 1 otroka. Anketo je re\u0161ilo 8 star\u0161ev otrok iz skupine Zvezdice, 7 star\u0161ev otrok iz skupine Son\u010dki, 10 star\u0161ev otrok iz skupine Ro\u017eice in 11 star\u0161ev otrok iz skupine Sovice.<\/p>\n<p>&nbsp;<\/p>\n<p style=\"text-align: center\"><strong>VIDEZ IN UREJENOST VRTCA<\/strong><\/p>\n<p><img loading=\"lazy\" decoding=\"async\" class=\"alignnone size-medium wp-image-26089 aligncenter\" src=\"https:\/\/vrtecpriosjakobskidol.splet.arnes.si\/files\/2025\/07\/2-300x103.png\" alt=\"\" width=\"300\" height=\"103\"\/><\/p>\n<p style=\"text-align: center\">Graf 2: Videz in urejenost vrtca<\/p>\n<p>Star\u0161i so dobili tri trditve, pri katerih so morali ozna\u010diti stopnjo strinjanja ali nestrinjanja. Prva trditev je: \u00bbVrtec je dobro opremljen.\u00ab Ve\u010d kot pol star\u0161ev (55 %) je ozna\u010dilo, da se s trditvijo popolnoma strinjajo. Preostalih 45 % star\u0161ev se z zgornjo trditvijo strinja. Noben star\u0161 ni izbral odgovora delno se strinjam ali se ne strinjam.<\/p>\n<p>Druga trditev je: \u00bbZunanje povr\u0161ine vrtca so varne.\u00ab S trditvijo se popolnoma strinja 69 % star\u0161ev. 21 % star\u0161ev se s trditvijo strinja. Zelo majhen dele\u017e star\u0161ev otrok na\u0161ega vrtca (10 %) se s trditvijo le delno strinja. Noben star\u0161 ne ka\u017ee nestrinjanja s trditvijo. To pomeni, da star\u0161i zaupajo varnosti in kakovosti igralnih povr\u0161in in ostalih zunanjih prostorov vrtca. Varnost zunanjih prostorov ni bila videna kot problem.<\/p>\n<p>Tretja trditev je: \u00bbOkolica vrtca je urejena.\u00ab Pri ocenjevanju ureditve okolice vrtca prevladujejo odgovori, pri katerih se star\u0161i popolnoma strinjajo (59 %). Nekaj star\u0161ev (31 %) se s trditvijo strinja. Prav tako kot pri prej\u0161nji trditvi se 10 % star\u0161ev (3 star\u0161i) s trditvijo delno strinjajo. To pomeni, da urejenost okolice vrtca ni videna kot problem, saj noben star\u0161 ni izbral odgovora, da se s trditvijo ne strinja.<\/p>\n<p>&nbsp;<\/p>\n<p style=\"text-align: center\"><strong>VRTEC IN MEDIJI<\/strong><\/p>\n<p style=\"text-align: center\"><img loading=\"lazy\" decoding=\"async\" class=\"alignnone size-medium wp-image-26090\" src=\"https:\/\/vrtecpriosjakobskidol.splet.arnes.si\/files\/2025\/07\/3-300x107.png\" alt=\"\" width=\"300\" height=\"107\"\/><\/p>\n<p style=\"text-align: center\">Graf 3: Vrtec in mediji<\/p>\n<p>&nbsp;<\/p>\n<p>Pri drugem sklopu vpra\u0161anj so star\u0161i prav tako ozna\u010devali stopnjo strinjanja oziroma nestrinjanja do treh podanih trditev. Prva trditev je: \u00bbAktivnosti otrok so dostojno predstavljene javnosti.\u00ab Ve\u010dina star\u0161ev ka\u017ee popolno strinjanje (52 %) ali strinjanje (41 %). Dva star\u0161a, ki predstavljata 7 %, se s trditvijo delno strinjata. Noben star\u0161 se s trditvijo ne strinja.<\/p>\n<p>Druga trditev preverja mnenje star\u0161ev otrok iz vrtca, ki se navezuje na spletno stran. V ta namen smo zapisali trditev: \u00bbSpleta stran nudi vse potrebne informacije in vpogled v delo v vrtcu.\u00ab Dvanajst star\u0161ev (38 %) se s trditvijo popolnoma strinja, 41 % pa se s trditvijo le strinja. Delno se s trditvijo strinja 17 % star\u0161ev, nekaj (3 %) pa se jih s trditvijo ne strinja. To pomeni, da so star\u0161i v ve\u010dini s spletno stranjo zadovoljni kljub temu pa so potrebne izbolj\u0161ave.<\/p>\n<p>Zadnja trditev, ki se navezuje na predstavitev vrtca v medijih, je: \u00bb\u010casopis Jakopis je kakovostno pripravljen in zajema dogodke v vrtcu in \u0161oli.\u00ab Star\u0161i ka\u017eejo popolno strinjanje (48 %) ali strinjanje s trditvijo (52 %). Noben star\u0161 ob trditvi ne izra\u017ea nestrinjanja ali le delnega strinjanja.<\/p>\n<p>&nbsp;<\/p>\n<p style=\"text-align: center\"><strong>SODELOVANJE VRTCA Z OKOLJEM<\/strong><\/p>\n<p style=\"text-align: center\"><img loading=\"lazy\" decoding=\"async\" class=\"alignnone size-medium wp-image-26091\" src=\"https:\/\/vrtecpriosjakobskidol.splet.arnes.si\/files\/2025\/07\/4-300x101.png\" alt=\"\" width=\"300\" height=\"101\"\/><\/p>\n<p style=\"text-align: center\">Graf 4: Sodelovanje vrtca z okoljem<\/p>\n<p>&nbsp;<\/p>\n<p>Tretji sklop vpra\u0161anj se navezuje na sodelovanje vrtca z okoljem. Prva trditev: \u00bbVrtec aktivno in uspe\u0161no sodeluje z dru\u0161tvi v kraju in okolici,\u00ab prikazuje pogled star\u0161ev na sodelovanje vrtca z dru\u0161tvi v kraju. Petnajst star\u0161ev (52 %) meni, da je sodelovanje odli\u010dno, kar so izkazali z izbiro odgovora popolnoma se strinjam. Strinjanje s trditvijo je kazalo 38 % star\u0161ev. 10 % star\u0161ev se s trditvijo delno strinja.<\/p>\n<p>Druga trditev preverja, kaj star\u0161i menijo o sodelovanju vrtca z drugimi vzgojno-izobra\u017eevalnimi ustanovami v ob\u010dini. V ta namen smo zapisali trditev: \u00bbVrtec aktivno sodeluje z vzgojno-izobra\u017eevalnimi ustanovami v ob\u010dini.\u00ab 36 % star\u0161ev se s trditvijo popolnoma strinja, 57 % pa jih je izbralo odgovor, da se strinjajo. 7 % star\u0161ev se s trditvijo delno strinja.<\/p>\n<p>&nbsp;<\/p>\n<p style=\"text-align: center\"><strong>ORGANIZACIJA DELA V VRTCU<\/strong><\/p>\n<p style=\"text-align: center\"><img loading=\"lazy\" decoding=\"async\" class=\"alignnone size-medium wp-image-26092\" src=\"https:\/\/vrtecpriosjakobskidol.splet.arnes.si\/files\/2025\/07\/5-300x118.png\" alt=\"\" width=\"300\" height=\"118\"\/><\/p>\n<p style=\"text-align: center\">Graf 5: Organizacija dela v vrtcu<\/p>\n<p>&nbsp;<\/p>\n<p>V \u010detrtem sklopu vpra\u0161anj smo s pomo\u010djo \u0161estih zastavljenih trditev ugotavljali mnenje star\u0161ev o kvaliteti organizacije dela v vrtcu. Prva trditev, do katere so se star\u0161i opredelili, je: \u00bbDelo vrtca je dobro na\u010drtovano.\u00ab S trditvijo se strinja vseh 29 star\u0161ev, ki so v anketi sodelovali. 69 % se jih s to trditvijo popolnoma strinja, ostali se s trditvijo strinjajo.<\/p>\n<p>Druga trditev je: \u00bbAktivnosti zaposlenih in otrok so dobro organizirane.\u00ab S to trditvijo se popolnoma strinja 72 % star\u0161ev, 24 % pa se jih strinja. Le en star\u0161 se s trditvijo delno strinja.<\/p>\n<p>Tretja trditev je: \u00bbNejasnosti se re\u0161ujejo sproti.\u00ab S to trditvijo se popolnoma strinja 83 % star\u0161ev, 14 % pa se jih strinja. Le en star\u0161 se s trditvijo delno strinja.<\/p>\n<p>\u00bbO uresni\u010devanju na\u010drtovanega dela in dogovorov smo star\u0161i sproti obve\u0161\u010deni,\u00ab je \u010detrta trditev, v kateri so star\u0161i kazali strinjanje. 72 % star\u0161ev se s trditvijo popolnoma strinja, 28 % star\u0161ev pa se strinja. Noben star\u0161 se s trditvijo ni delno strinjal ali se ni strinjal. Enak dele\u017e odgovorov se pojavlja tudi pri trditvi: \u00bbDnevna rutina je dobro organizirana.\u00ab<\/p>\n<p>V peti trditvi: \u00bbOtrokom so na voljo raznolike interesne dejavnosti in projekti,\u00ab star\u0161i ka\u017eejo popolno strinjanje v 50 %. 43 % star\u0161ev se s trditvijo strinja, 7 % pa se jih s trditvijo strinja le delno.<\/p>\n<p>&nbsp;<\/p>\n<p style=\"text-align: center\"><strong>ODNOS VRTCA DO OTROK<\/strong><\/p>\n<p style=\"text-align: center\"><img loading=\"lazy\" decoding=\"async\" class=\"alignnone size-medium wp-image-26093\" src=\"https:\/\/vrtecpriosjakobskidol.splet.arnes.si\/files\/2025\/07\/6-300x107.png\" alt=\"\" width=\"300\" height=\"107\"\/><\/p>\n<p style=\"text-align: center\">Graf 6: Odnos vrtca do otrok<\/p>\n<p>&nbsp;<\/p>\n<p>Graf 6 prikazuje stopnjo strinjanja oziroma nestrinjanja star\u0161ev do trditev, ki se navezujejo na odnos vrtca do otrok. Prva trditev je: \u00bbStrokovni delavci obravnavajo vsakega otroka kot posameznika.\u00ab 69 % star\u0161ev otrok vrtca se s trditvijo popolnoma strinja, 28 % pa se jih le strinja. En star\u0161, kar predstavlja 3 %, se s trditvijo le delno strinja. Noben star\u0161 ne ka\u017ee nestrinjanja s trditvijo.<\/p>\n<p>Druga trditev je: \u00bbStrokovni delavci novincem pomagajo, da se \u010dim prej vklju\u010dijo v novo okolje.\u00ab 79 % star\u0161ev otrok vrtca se s trditvijo popolnoma strinja, 17 % pa se jih le strinja. En star\u0161, kar predstavlja 3 %, se s trditvijo le delno strinja. Noben star\u0161 ne ka\u017ee nestrinjanja s trditvijo.<\/p>\n<p>\u00bbV vrtcu je dobro poskrbljeno za vse otroke,\u00ab je tretja trditev. S to trditvijo se popolnoma strinja 76 % star\u0161ev otrok iz vrtca, 21 % se jih strinja. En star\u0161, kar predstavlja 3 %, se s trditvijo le delno strinja. Noben star\u0161 ne ka\u017ee nestrinjanja s trditvijo.<\/p>\n<p>Zadnja trditev v tem sklopu vpra\u0161anj je: \u00bbOtroci se v vrtcu dobro in varno po\u010dutijo.\u00ab 69 % star\u0161ev se s trditvijo popolnoma strinja, 24 % pa se jih s trditvijo strinja. Dva star\u0161a se s trditvijo delno strinjata. Noben star\u0161 ne ka\u017ee nestrinjanja s trditvijo.<\/p>\n<p>&nbsp;<\/p>\n<p style=\"text-align: center\"><strong>ZAGOTAVLJANJE VARNOSTI<\/strong><\/p>\n<p style=\"text-align: center\"><img loading=\"lazy\" decoding=\"async\" class=\"alignnone size-medium wp-image-26094\" src=\"https:\/\/vrtecpriosjakobskidol.splet.arnes.si\/files\/2025\/07\/7-300x102.png\" alt=\"\" width=\"300\" height=\"102\"\/><\/p>\n<p style=\"text-align: center\">Graf 7: Zagotavljanje varnosti<\/p>\n<p style=\"text-align: center\">&nbsp;<\/p>\n<p>Naslednji sklop vpra\u0161anj se navezuje na zagotavljanje varnosti otrok v vrtcu. Namen sklopa je ugotoviti, kaj star\u0161i menijo o varnosti otrok v vrtcu. Prva trditev je: \u00bbStrokovni delavci z vso odgovornostjo skrbijo za zagotavljanje varnosti otrok.\u00ab Ugotavljamo, da je v vrtcu dobro poskrbljeno za varnost otrok, saj popolno strinjanje in strinjanje s to trditvijo ka\u017ee 96 % star\u0161ev. Preostanek se s trditvijo delno strinja. Noben star\u0161 ne ka\u017ee nestrinjanja s trditvijo.<\/p>\n<p>Druga trditev, s katero smo ugotavljali pogled star\u0161ev na varnost otrok, je: \u00bbK varnosti otrok prispevajo jasna pravila sodelovanja med vzgojitelji in star\u0161i.\u00ab 69 % star\u0161ev se s trditvijo popolnoma strinja, 28 % star\u0161ev otrok pa se s trditvijo strinja. Preostanek se s trditvijo delno strinja. Noben star\u0161 ne ka\u017ee nestrinjanja s trditvijo.<\/p>\n<p>Jasna pravila so v vrtcu dobro postavljena, na kar nakazujejo odgovori tretje trditve: \u00bbV vrtcu veljajo jasna pravila.\u00ab Vsi star\u0161i se s trditvijo popolnoma strinjajo (72 %) ali se strinjajo (28 %). Noben star\u0161 ne ka\u017ee nestrinjanja ali le delnega strinjanja s trditvijo.<\/p>\n<p>&nbsp;<\/p>\n<p style=\"text-align: center\"><strong>\u0160OLSKA PREHRANA<\/strong><\/p>\n<p style=\"text-align: center\"><img loading=\"lazy\" decoding=\"async\" class=\"alignnone size-medium wp-image-26095\" src=\"https:\/\/vrtecpriosjakobskidol.splet.arnes.si\/files\/2025\/07\/8-300x103.png\" alt=\"\" width=\"300\" height=\"103\"\/><\/p>\n<p style=\"text-align: center\">Graf 8: \u0160olska prehrana<\/p>\n<p>&nbsp;<\/p>\n<p>Graf 8 prikazuje mnenje star\u0161ev o \u0161olski prehrani. Ta sklop je sestavljen iz treh trditev. Prva trditev je: \u00bbJedilniki so kvalitetno na\u010drtovani.\u00ab S trditvijo se strinja 62 % star\u0161ev, 21 % pa se jih strinja. 14 % star\u0161ev se delno strinja, en star\u0161 se s trditvijo ne strinja.<\/p>\n<p>Naslednja trditev je: \u00bbObroki so dovolj veliki.\u00ab S primerno velikostjo obrokov se popolnoma strinja 55 % star\u0161ev otrok vrtca, 34 % pa se jih strinja. Skupaj 3 star\u0161i (10 %) se s trditvijo strinjajo delno ali pa se ne strinjajo.<\/p>\n<p>Zadnja trditev je: \u00bbOtrokom je v vrtcu ponujene dovolj zelenjave in sadja.\u00ab S trditvijo se popolnoma strinja 62 % star\u0161ev, 34 % pa se jih strinja. En star\u0161 se s trditvijo delno strinja.<\/p>\n<p>&nbsp;<\/p>\n<p><a href=\"https:\/\/vrtecpriosjakobskidol.splet.arnes.si\/files\/2025\/06\/Analiza_zadovoljstvo-1.docx\">ANALIZA ANKETE ZADOVOLJSTVA STAR\u0160EV V VRTCU<\/a><\/p>\n","protected":false},"excerpt":{"rendered":"<p>ANALIZA ANKETNEGA VPRA\u0160ALNIKA O ZADOVOLJSTVU STAR\u0160EV Z VRTCEM PRI OSNOVNI \u0160OLI JAKOBSKI DOL &nbsp; Anketa z naslovom Zadovoljstvo star\u0161ev z vrtcem je potekala od 26. 3. 2025 do 10. 4. 2025. V \u0161olskem letu 2024\/25 vrtec obiskuje 58 otrok. Ve\u010d otrok ima istega star\u0161a, zato so ti star\u0161i anketo re\u0161ili le enkrat, pri prvem vpra\u0161anju [&hellip;]<\/p>\n","protected":false},"author":111525,"featured_media":0,"parent":0,"menu_order":0,"comment_status":"closed","ping_status":"closed","template":"","meta":{"_et_pb_use_builder":"","_et_pb_old_content":"","_et_gb_content_width":"","ngg_post_thumbnail":0,"footnotes":""},"class_list":["post-25785","page","type-page","status-publish","hentry"],"_links":{"self":[{"href":"https:\/\/vrtecpriosjakobskidol.splet.arnes.si\/index.php?rest_route=\/wp\/v2\/pages\/25785","targetHints":{"allow":["GET"]}}],"collection":[{"href":"https:\/\/vrtecpriosjakobskidol.splet.arnes.si\/index.php?rest_route=\/wp\/v2\/pages"}],"about":[{"href":"https:\/\/vrtecpriosjakobskidol.splet.arnes.si\/index.php?rest_route=\/wp\/v2\/types\/page"}],"author":[{"embeddable":true,"href":"https:\/\/vrtecpriosjakobskidol.splet.arnes.si\/index.php?rest_route=\/wp\/v2\/users\/111525"}],"replies":[{"embeddable":true,"href":"https:\/\/vrtecpriosjakobskidol.splet.arnes.si\/index.php?rest_route=%2Fwp%2Fv2%2Fcomments&post=25785"}],"version-history":[{"count":3,"href":"https:\/\/vrtecpriosjakobskidol.splet.arnes.si\/index.php?rest_route=\/wp\/v2\/pages\/25785\/revisions"}],"predecessor-version":[{"id":26096,"href":"https:\/\/vrtecpriosjakobskidol.splet.arnes.si\/index.php?rest_route=\/wp\/v2\/pages\/25785\/revisions\/26096"}],"wp:attachment":[{"href":"https:\/\/vrtecpriosjakobskidol.splet.arnes.si\/index.php?rest_route=%2Fwp%2Fv2%2Fmedia&parent=25785"}],"curies":[{"name":"wp","href":"https:\/\/api.w.org\/{rel}","templated":true}]}}