{"id":30646,"date":"2025-12-24T14:58:42","date_gmt":"2025-12-24T13:58:42","guid":{"rendered":"https:\/\/vrtecpriosjakobskidol.splet.arnes.si\/?page_id=30646"},"modified":"2025-12-24T14:58:42","modified_gmt":"2025-12-24T13:58:42","slug":"cene-vrtca","status":"publish","type":"page","link":"https:\/\/vrtecpriosjakobskidol.splet.arnes.si\/?page_id=30646","title":{"rendered":"Cene vrtca"},"content":{"rendered":"<p><a href=\"https:\/\/vrtecpriosjakobskidol.splet.arnes.si\/files\/2025\/12\/Pravilnik-o-dolocitvi-cen-programov-v-javnih-vrtcih-na-obmocju-obcine-Pesnica-2.pdf\">Pravilnik o dolo\u010ditvi cen programov v javnih vrtcih na obmo\u010dju ob\u010dine Pesnica<\/a><\/p>\n","protected":false},"excerpt":{"rendered":"<p>Pravilnik o dolo\u010ditvi cen programov v javnih vrtcih na obmo\u010dju ob\u010dine Pesnica<\/p>\n","protected":false},"author":119933,"featured_media":0,"parent":148,"menu_order":0,"comment_status":"closed","ping_status":"closed","template":"","meta":{"_et_pb_use_builder":"","_et_pb_old_content":"","_et_gb_content_width":"","ngg_post_thumbnail":0,"footnotes":""},"class_list":["post-30646","page","type-page","status-publish","hentry"],"_links":{"self":[{"href":"https:\/\/vrtecpriosjakobskidol.splet.arnes.si\/index.php?rest_route=\/wp\/v2\/pages\/30646","targetHints":{"allow":["GET"]}}],"collection":[{"href":"https:\/\/vrtecpriosjakobskidol.splet.arnes.si\/index.php?rest_route=\/wp\/v2\/pages"}],"about":[{"href":"https:\/\/vrtecpriosjakobskidol.splet.arnes.si\/index.php?rest_route=\/wp\/v2\/types\/page"}],"author":[{"embeddable":true,"href":"https:\/\/vrtecpriosjakobskidol.splet.arnes.si\/index.php?rest_route=\/wp\/v2\/users\/119933"}],"replies":[{"embeddable":true,"href":"https:\/\/vrtecpriosjakobskidol.splet.arnes.si\/index.php?rest_route=%2Fwp%2Fv2%2Fcomments&post=30646"}],"version-history":[{"count":1,"href":"https:\/\/vrtecpriosjakobskidol.splet.arnes.si\/index.php?rest_route=\/wp\/v2\/pages\/30646\/revisions"}],"predecessor-version":[{"id":30648,"href":"https:\/\/vrtecpriosjakobskidol.splet.arnes.si\/index.php?rest_route=\/wp\/v2\/pages\/30646\/revisions\/30648"}],"up":[{"embeddable":true,"href":"https:\/\/vrtecpriosjakobskidol.splet.arnes.si\/index.php?rest_route=\/wp\/v2\/pages\/148"}],"wp:attachment":[{"href":"https:\/\/vrtecpriosjakobskidol.splet.arnes.si\/index.php?rest_route=%2Fwp%2Fv2%2Fmedia&parent=30646"}],"curies":[{"name":"wp","href":"https:\/\/api.w.org\/{rel}","templated":true}]}}