{"id":381,"date":"2022-09-23T12:15:08","date_gmt":"2022-09-23T10:15:08","guid":{"rendered":"https:\/\/vrtecpriosjakobskidol.splet.arnes.si\/?page_id=381"},"modified":"2026-03-30T17:41:05","modified_gmt":"2026-03-30T15:41:05","slug":"skupina-zvezdice","status":"publish","type":"page","link":"https:\/\/vrtecpriosjakobskidol.splet.arnes.si\/?page_id=381","title":{"rendered":"Skupina Zvezdice"},"content":{"rendered":"<p>[et_pb_section][et_pb_row][et_pb_column type=&#8221;4_4&#8243;][et_pb_text]<\/p>\n<p><img loading=\"lazy\" decoding=\"async\" class=\"size-large wp-image-399 aligncenter\" src=\"https:\/\/vrtecpriosjakobskidol.splet.arnes.si\/files\/2022\/09\/SKUPINA-ZVEZDICE-1024x577.png\" alt=\"\" width=\"1024\" height=\"577\" srcset=\"https:\/\/vrtecpriosjakobskidol.splet.arnes.si\/files\/2022\/09\/SKUPINA-ZVEZDICE-1024x577.png 1024w, https:\/\/vrtecpriosjakobskidol.splet.arnes.si\/files\/2022\/09\/SKUPINA-ZVEZDICE-300x169.png 300w, https:\/\/vrtecpriosjakobskidol.splet.arnes.si\/files\/2022\/09\/SKUPINA-ZVEZDICE-768x433.png 768w, https:\/\/vrtecpriosjakobskidol.splet.arnes.si\/files\/2022\/09\/SKUPINA-ZVEZDICE-1536x865.png 1536w, https:\/\/vrtecpriosjakobskidol.splet.arnes.si\/files\/2022\/09\/SKUPINA-ZVEZDICE.png 1640w\" sizes=\"(max-width: 1024px) 100vw, 1024px\" \/><\/p>\n<h1 style=\"font-size: 25px\"><strong>1. STAROSTNO OBDOBJE (1<em>\u2013<\/em>2 LET )<\/strong><\/h1>\n<h2><strong>* Vzgojiteljica:<\/strong> Cirila Robi\u010d<br \/>\n<strong>* Pomo\u010dnica vzgojiteljice:<\/strong> Gabrijela Dvor\u0161ak<\/h2>\n<h1>&nbsp;<\/h1>\n<h1 style=\"text-align: center\">\u0160OLSKO LETO 2025\/26<\/h1>\n<h4>&nbsp;<\/h4>\n<h4 style=\"text-align: center\"><strong>Toplo, igrivo in prav posebno dopoldne<\/strong><\/h4>\nngg_shortcode_0_placeholder\n<h4 style=\"text-align: center\"><strong>Za mamice, z ljubeznijo<\/strong><\/h4>\nngg_shortcode_1_placeholder\n<h4 style=\"text-align: center\"><strong>Na\u0161 marec \u2013 novi prijatelji, topli objemi doma in prvi pomladni cvetovi<\/strong><\/h4>\nngg_shortcode_2_placeholder\n<h4 style=\"text-align: center\"><strong>Zdravi zobki, veseli nasmehi<\/strong><\/h4>\nngg_shortcode_3_placeholder\n<h4 style=\"text-align: center\"><strong>Pustni torek<\/strong><\/h4>\nngg_shortcode_4_placeholder\n<h4 style=\"text-align: center\"><strong>Nor\u010davi pust<\/strong><\/h4>\nngg_shortcode_5_placeholder\n<h4 style=\"text-align: center\"><strong>Migamo, migamo&#8230;.<\/strong><\/h4>\nngg_shortcode_6_placeholder\n<h4 style=\"text-align: center\"><strong>Z<\/strong><strong>dravnik<\/strong><\/h4>\n<h4 style=\"text-align: center\"><span style=\"font-size: 14px\">pomaga, ko smo bolni ali se po\u0161kodujemo.<\/span><\/h4>\nngg_shortcode_7_placeholder\n<p style=\"text-align: center\"><strong>SNE\u017dAK (Janez Bitenc)<\/strong><\/p>\n<p style=\"text-align: center\">Jaz sem sne\u017eak, jaz sem junak,<\/p>\n<p style=\"text-align: center\">pisker na glavi in metlo v rokah.<\/p>\n<p style=\"text-align: center\">Mirno stojim, z burjo \u017eivim,<\/p>\n<p style=\"text-align: center\">zimi se smejem, se sonca bojim.<\/p>\nngg_shortcode_8_placeholder\n<h3 style=\"text-align: center\"><strong data-start=\"1028\" data-end=\"1054\">Vedno se kaj dogaja\ud83d\ude43<\/strong><\/h3>\nngg_shortcode_9_placeholder\n<h3 style=\"text-align: center\"><strong data-start=\"1028\" data-end=\"1054\">Sne\u017ene fotografije<\/strong><\/h3>\nngg_shortcode_10_placeholder\n<h3 style=\"text-align: center\"><strong data-start=\"1028\" data-end=\"1054\">Sneg, sneg, beli sneg,<\/strong><br data-start=\"1054\" data-end=\"1057\"\/><strong data-start=\"1057\" data-end=\"1090\">sanke grejo \u2014 \u0161vist \u010dez breg!<\/strong><\/h3>\nngg_shortcode_11_placeholder\n<h3 style=\"text-align: center\"><strong>Odpakirati, pogledati, poskusiti!<\/strong><\/h3>\nngg_shortcode_12_placeholder\n<h3 style=\"text-align: center\"><strong>Oj smre\u010dica, oj smre\u010dica, <\/strong><\/h3>\n<p style=\"text-align: center\"><strong>kako lepo di\u0161ijo vejice. <\/strong><\/p>\n<p style=\"text-align: center\"><strong>Ko lu\u010dke se zasvetijo,<\/strong><\/p>\n<p style=\"text-align: center\"><strong> srca nam zaigrajo, <\/strong><\/p>\n<p style=\"text-align: center\"><strong>oj smre\u010dica, oj smre\u010dica, <\/strong><\/p>\n<p style=\"text-align: center\"><strong>ti praznikom da\u0161 veselje.<\/strong><\/p>\nngg_shortcode_13_placeholder\n<h3>&nbsp;<\/h3>\n<h3 style=\"text-align: center\"><strong>Igrivi december<\/strong><\/h3>\nngg_shortcode_14_placeholder\n<h3 style=\"text-align: center\"><strong>Vidni tudi pozimi<\/strong><\/h3>\nngg_shortcode_15_placeholder\n<h3 style=\"text-align: center\"><strong>Med, mleko, maslo, kruh in jabolko<\/strong><\/h3>\nngg_shortcode_16_placeholder\n<h3 style=\"text-align: center\"><strong>Na blazinah do poguma<\/strong><\/h3>\nngg_shortcode_17_placeholder\n<h3 style=\"text-align: center\"><strong>\u017divali jeseni<\/strong><\/h3>\nngg_shortcode_18_placeholder\n<h3 style=\"text-align: center\"><strong>Bu\u010da se razbije \u2013 mi pa ustvarjamo:)<\/strong><\/h3>\nngg_shortcode_19_placeholder\n<p style=\"text-align: center\"><strong>Zobki se svetijo kot zvezdice&nbsp;<\/strong><\/p>\nngg_shortcode_20_placeholder\n<p style=\"text-align: center\"><strong>Utrinki jesenskega dne<\/strong><\/p>\nngg_shortcode_21_placeholder\n<p style=\"text-align: center\"><strong>Teden otroka 2025<\/strong><\/p>\n<h3 style=\"text-align: center\">Prijaznost ti bo krila dala, vedno reci prosim in hvala.<\/h3>\nngg_shortcode_22_placeholder\n<p style=\"text-align: center\"><strong>Di\u0161i po kostanju<\/strong><\/p>\nngg_shortcode_23_placeholder\n<p style=\"text-align: center\"><strong>Sprehod po hodniku<\/strong><\/p>\nngg_shortcode_24_placeholder\n<p style=\"text-align: center\"><strong>Igrivo raziskovanje<\/strong><\/p>\nngg_shortcode_25_placeholder\n<p style=\"text-align: center\"><strong>Barva jeseni v na\u0161ih dlaneh<\/strong><\/p>\nngg_shortcode_26_placeholder\n<p style=\"text-align: center\"><strong>Telovadnica polna smeha<\/strong><\/p>\nngg_shortcode_27_placeholder\n<p style=\"text-align: center\"><strong>Zunaj z radovednostjo<\/strong><\/p>\nngg_shortcode_28_placeholder\n<p style=\"text-align: center\"><strong>Z velikim medom<\/strong><\/p>\nngg_shortcode_29_placeholder\n<p style=\"text-align: center\"><strong>Z medom Jakom v vrtcu \u2013 na\u0161e dogodiv\u0161\u010dine<\/strong><\/p>\nngg_shortcode_30_placeholder\n<p style=\"text-align: center\"><strong>Barve, \u010dopi\u010di in navihani prsti<\/strong><\/p>\nngg_shortcode_31_placeholder\n<p style=\"text-align: center\"><strong>Hop, skok, pa smo \u017ee v gibanju!<\/strong><\/p>\nngg_shortcode_32_placeholder\n<p style=\"text-align: center\"><strong>Igra nas povezuje<\/strong><\/p>\nngg_shortcode_33_placeholder\n<h2 style=\"font-size: 25px;text-align: center\"><strong>\u0160OLSKO LETO 2024\/2025<\/strong><\/h2>\n<p style=\"text-align: center\">\u017dABICE<\/p>\nngg_shortcode_34_placeholder\n<p style=\"text-align: center\">JAJ\u010cKA, PI\u0160\u010cANCI IN ZAJCI<\/p>\nngg_shortcode_35_placeholder\n<p style=\"text-align: center\">PASAV\u010cEK JE MOJ PRIJATELJ<\/p>\nngg_shortcode_36_placeholder\n<p style=\"text-align: center\">LEP DOPOLDAN Z BABICAMI<\/p>\nngg_shortcode_37_placeholder\n<p style=\"text-align: center\">DOM<\/p>\nngg_shortcode_38_placeholder\n<p style=\"text-align: center\">POMLAD<\/p>\nngg_shortcode_39_placeholder\n<p style=\"text-align: center\">HURA ZA GIBANJE<\/p>\nngg_shortcode_40_placeholder\n<p style=\"text-align: center\">VESELE MA\u0160KARE<\/p>\nngg_shortcode_41_placeholder\n<p style=\"text-align: center\">OD PRE\u0160ERNA DO VALENTINA&#8230;<\/p>\nngg_shortcode_42_placeholder\n<p style=\"text-align: center\">ZIMSKA OBLA\u010cILA<\/p>\nngg_shortcode_43_placeholder\n<p style=\"text-align: center\">PINGVINI<\/p>\nngg_shortcode_44_placeholder\n<p style=\"text-align: center\">VIDNI POZIMI<\/p>\nngg_shortcode_45_placeholder\n<p style=\"text-align: center\">OBISK BO\u017dI\u010cKA IN ODPIRANJE DARIL<\/p>\nngg_shortcode_46_placeholder\n<p style=\"text-align: center\">NA\u0160E SMRE\u010cICE<\/p>\nngg_shortcode_47_placeholder\n<p style=\"text-align: center\">VESELI DECEMBER<\/p>\nngg_shortcode_48_placeholder\n<p style=\"text-align: center\">JE\u017dEK IN NJEGOVI PRIJATELJI<\/p>\nngg_shortcode_49_placeholder\n<p style=\"text-align: center\">TEDEN SLOVENSKE HRANE &#8211; NAJ ZAJTRK<\/p>\nngg_shortcode_50_placeholder\n<p style=\"text-align: center\">MI\u0160KA HI\u0160ICO IMA<\/p>\nngg_shortcode_51_placeholder\n<p style=\"text-align: center\">JABOLKO<\/p>\nngg_shortcode_52_placeholder\n<p style=\"text-align: center\">TEDEN OTROKA &#8211; petek: slano testo<\/p>\nngg_shortcode_53_placeholder\n<p style=\"text-align: center\">TEDEN OTROKA &#8211; \u010detrtek: dramatizacija POD MEDVEDOVIM DE\u017dNIKOM<\/p>\nngg_shortcode_54_placeholder\n<p style=\"text-align: center\">TEDEN OTROKA &#8211; sreda: Kami\u0161ibaj JABOLKO<\/p>\nngg_shortcode_55_placeholder\n<p style=\"text-align: center\">TEDEN OTROKA &#8211; torek: \u0161portni dan in kostanjev piknik<\/p>\n<p><!--nextpage--><\/p>\nngg_shortcode_56_placeholder\n<p style=\"text-align: center\">TEDEN OTROKA &#8211; ponedeljek: Igra z nestrukturiranim materialom<\/p>\nngg_shortcode_57_placeholder\n<p style=\"text-align: center\">V oktober s koruzo<\/p>\nngg_shortcode_58_placeholder\n<p style=\"text-align: center\">Piki pri zvezdicah<\/p>\nngg_shortcode_59_placeholder\n<p style=\"text-align: center\">Mno\u017ei\u010dni tek in priprave nanj (=<\/p>\nngg_shortcode_60_placeholder\n<p style=\"text-align: center\">Uvajalni september<\/p>\n<p>ngg_shortcode_61_placeholder<!--nextpage--><\/p>\n<h2 style=\"font-size: 25px;text-align: center\"><strong>\u0160OLSKO LETO 2023\/2024<\/strong><\/h2>\n<p>POLETNE DEJAVNOSTI<\/p>\n<p>ngg_shortcode_62_placeholderIGRAMO SE Z VODO<\/p>\n<p>ngg_shortcode_63_placeholderIGRAMO SE Z BARVAMI<\/p>\n<p>ngg_shortcode_64_placeholderMESEC MAJ<\/p>\n<p>ngg_shortcode_65_placeholderMotori\u010dne vaje<\/p>\n<p>ngg_shortcode_66_placeholderVARNO V VRTEC IN \u0160OLO &#8211; 3. del projekta<\/p>\n<p>ngg_shortcode_67_placeholderDEJAVNOSTI V MESECU APRILU<\/p>\n<p>ngg_shortcode_68_placeholderPOLICISTA NA OBISKU<\/p>\n<p>ngg_shortcode_69_placeholder22. april SVETOVNI DAN ZEMLJE<\/p>\n<p>ngg_shortcode_70_placeholderDRU\u017dENJE Z BABICAMI IN DEDKOM<\/p>\n<p>ngg_shortcode_71_placeholderPOMLAD PRI ZVEZDICAH<\/p>\n<p>ngg_shortcode_72_placeholderKDO \u017dIVI V NA\u0160I HI\u0160I<\/p>\n<p>ngg_shortcode_73_placeholderPRIPRAVE NA NASTOP<\/p>\n<p>ngg_shortcode_74_placeholderPOMLAD \u017dE TRKA NA NA\u0160A VRATA<\/p>\n<p>ngg_shortcode_75_placeholderVALENTINOVO<\/p>\n<p>ngg_shortcode_76_placeholderUGANI KDO SE SKRIVA POD MASKO<\/p>\n<p>ngg_shortcode_77_placeholderVESELJE NA SNEGU<\/p>\nngg_shortcode_78_placeholder\n<p style=\"text-align: center\"><strong>SNE\u017dAK<\/strong><\/p>\n<p style=\"text-align: center\"><strong>PISKER NA GLAVI,<\/strong><\/p>\n<p style=\"text-align: center\"><strong>METLO PA V ROKAH DR\u017dI.<\/strong><\/p>\n<p style=\"text-align: center\"><strong>ZIMI SE SMEJE,<\/strong><\/p>\n<p style=\"text-align: center\"><strong>SON\u010cNIH \u017dARKOV SE BOJI.<\/strong><\/p>\n<p>ngg_shortcode_79_placeholderPLESNI VLAK<\/p>\n<p>ngg_shortcode_80_placeholderVIDNOST IN VARNOST POZIMI in PASAV\u010cEK<\/p>\nngg_shortcode_81_placeholder\n<p style=\"text-align: center\"><strong>\u010cAROBEN DECEBER (\u0161e nekaj utrinkov )<\/strong><\/p>\nngg_shortcode_82_placeholder\n<p style=\"text-align: center\"><strong>PRIPRAVE NA PRAZNIKE &#8211; VESELI DECEMBER<\/strong><\/p>\nngg_shortcode_83_placeholder\n<p style=\"text-align: center\"><strong>IGRA NA SNEGU<\/strong><\/p>\nngg_shortcode_84_placeholder\n<p style=\"text-align: center\"><strong>\u0160e nekaj utrinkov v Novembru<\/strong><\/p>\nngg_shortcode_85_placeholder\n<p style=\"text-align: center\"><strong>IGRA Z NOVIMI KOCKAMI<\/strong><\/p>\n<p style=\"text-align: center\">(Zahvaljujemo se star\u0161ema od Tiana in Tiani, ki sta vrtcu podarila nove kocke)<\/p>\n<p><!--nextpage--><\/p>\nngg_shortcode_86_placeholder\n<p style=\"text-align: center\"><strong>JESENSKO USTVARJANJE<\/strong><\/p>\nngg_shortcode_87_placeholder\n<p style=\"text-align: center\"><strong>SLOVENSKI TRADICIONALNI ZAJTRK<\/strong><\/p>\nngg_shortcode_88_placeholder\n<p style=\"text-align: center\"><strong>VESELJE V GOZDU<\/strong><\/p>\nngg_shortcode_89_placeholder\n<p style=\"text-align: center\"><strong>MALA MI\u0160KA IN VELIKO RDE\u010cE JABOLKO<\/strong><\/p>\nngg_shortcode_90_placeholder\n<p style=\"text-align: center\"><strong>NO\u010c \u010cAROVNIC<\/strong><\/p>\n<p><!--nextpage--><\/p>\n<p>ngg_shortcode_91_placeholder<!--nextpage--><\/p>\n<p style=\"text-align: center\"><strong>TETKA JESEN<\/strong><\/p>\nngg_shortcode_92_placeholder\n<p style=\"text-align: center\"><strong>VARNA POT V VRTEC<\/strong><\/p>\nngg_shortcode_93_placeholder\n<p style=\"text-align: center\"><strong>TEDEN OTROKA<\/strong><\/p>\n<p>PONEDELJEK &#8211; \u0160portno dopoldne<\/p>\n<p>TOREK &#8211; Barvanje s \u010dopi\u010di<\/p>\n<p>SREDA &#8211; Spoznavanje \u010dutne poti<\/p>\n<p>\u010cETRTEK &#8211; Izdelava pizze<\/p>\n<p>PETEK &#8211; Lutkovna predstava v izvedbi strokovnih delavk &#8220;Jesenski direndaj&#8221; (fotografije glej pod praznovanja )<\/p>\nngg_shortcode_94_placeholder\n<p style=\"text-align: center\"><strong>POSTALI SMO ZVEZDICE,&#8230;<\/strong><\/p>\nngg_shortcode_95_placeholder\n<p style=\"text-align: center\"><strong>MNO\u017dI\u010cNI TEK 2023<\/strong><\/p>\nngg_shortcode_96_placeholder\n<h2>&nbsp;<\/h2>\n<p><!--nextpage--><\/p>\n<h2 style=\"font-size: 25px;text-align: center\"><strong>\u0160OLSKO LETO 2022\/2023<\/strong><\/h2>\n<p style=\"text-align: center\"><strong>ZAKLJU\u010cNA PRIREDITEV<\/strong><\/p>\nngg_shortcode_97_placeholder\n<p style=\"text-align: center\"><strong>PRIPRAVA NA ZAKLJU\u010cNO PRIREDITEV&nbsp;<\/strong><\/p>\nngg_shortcode_98_placeholder\n<p style=\"text-align: center\"><strong>ZAKLJU\u010cNI IZLET (Pravlji\u010dna de\u017eela Rde\u010de Kapice)<\/strong><\/p>\nngg_shortcode_99_placeholder\n<p style=\"text-align: center\"><strong>\u010cEBELICA, KAM LETI\u0160? (API VRTEC)<\/strong><\/p>\nngg_shortcode_100_placeholder\n<p style=\"text-align: center\"><strong>POSADILI SMO RO\u017dICE<\/strong><\/p>\nngg_shortcode_101_placeholder\n<p style=\"text-align: center\"><strong>&nbsp;<\/strong><\/p>\n<p style=\"text-align: center\"><strong>POLICISTA NA OBISKU<\/strong><\/p>\nngg_shortcode_102_placeholder\n<p style=\"text-align: center\"><strong>PROJEKT &#8220;PASAV\u010cEK&#8221;<\/strong><\/p>\n<p>ngg_shortcode_103_placeholder<!--nextpage--><\/p>\n<p style=\"text-align: center\"><strong>KOKO\u0160KA JE ZNESLA JAJCE<\/strong><\/p>\nngg_shortcode_104_placeholder\n<p style=\"text-align: center\"><strong>DRU\u017dINA PRAZNUJE<\/strong><\/p>\nngg_shortcode_105_placeholder\n<p style=\"text-align: center\"><strong>PUST&nbsp;<\/strong><\/p>\nngg_shortcode_106_placeholder\n<p style=\"text-align: center\"><strong>IGRA Z NOVIMI PRIJATELJI<\/strong><\/p>\nngg_shortcode_107_placeholder\n<p style=\"text-align: center\"><strong>OBLA\u010cIMO SNE\u017dAKA<\/strong><\/p>\n<p>ngg_shortcode_108_placeholder<!--nextpage--><\/p>\n<p style=\"text-align: center\"><strong>LE KAJ NAM JE PRINESEL BO\u017dI\u010cEK?<\/strong><\/p>\nngg_shortcode_109_placeholder\n<p style=\"text-align: center\"><strong>DECEMBER &#8211; MESEC VESELJA<\/strong><\/p>\nngg_shortcode_110_placeholder\n<p style=\"text-align: center\"><strong>TRADICIONALNI SLOVENSKI ZAJTRK<\/strong><\/p>\n<p>18. novembra 2022 smo praznovali dan slovenske hrane in izvedli \u017ee dvanajsti Tradicionalni slovenski zajtrk. Otroci so \u010dez celotni teden spoznavali \u017eivila, ki so jih na dan Tradicionalnega zajtrka zau\u017eili.<\/p>\nngg_shortcode_111_placeholder\n<p style=\"text-align: center\"><strong>KAMI\u0160IBAJ<\/strong><\/p>\n<p>V torek, 15.11. nas je obiskala u\u010diteljica Franja. Zraven je prinesla Kami\u0161ibaj. Le kaj je Kami\u0161ibaj? Prenosno gledali\u0161\u010de in pripovedovanje zgodb ob slikah. Predstavljeni sta nam bili zgodbi Jabolko in Pol\u017e zajtrkuje. Bilo je zanimivo in veselo.<\/p>\nngg_shortcode_112_placeholder\n<p style=\"text-align: center\"><strong>KOLESA NA AVTU SE OKROG VRTE<\/strong><\/p>\n<p>ngg_shortcode_113_placeholder<!--nextpage--><\/p>\n<p style=\"text-align: center\"><strong>TEDEN OTROKA<\/strong><\/p>\n<p>Osrednja tema leto\u0161njega Tedna otroka, ki je potekal od 3. do 9. oktobra, je bila SKUPAJ SE IMAMO DOBRO.<\/p>\n<p>V tem tednu je skupina Zvezdic:<\/p>\n<ul>\n<li>ustvarjala<\/li>\n<li>si ogledala dramsko igro Mojca Pokraculja<\/li>\n<li>imela telovadni dan<\/li>\n<li>se podru\u017eila s sosednjo igralnico, skupino otrok Ro\u017eic<\/li>\n<li>nismo pa pozabili na&#8230;. mmmmm&#8230;slastne KOSTANJE. Bili so okusni.<\/li>\n<\/ul>\nngg_shortcode_114_placeholder\n<p style=\"text-align: center\">DAN MNO\u017dI\u010cNEGA TEKA OTROK<\/p>\nngg_shortcode_115_placeholder\n<p style=\"text-align: center\">USTVARJAMO<\/p>\nngg_shortcode_116_placeholder\n<p style=\"text-align: center\">OBISK TELOVADNICE<\/p>\nngg_shortcode_117_placeholder\n<p style=\"text-align: center\">NA\u0160 SKUPNI KOTI\u010cEK<\/p>\nngg_shortcode_118_placeholder\n<p style=\"text-align: center\">IGRIVI SEPTEMBER<\/p>\n<p>ngg_shortcode_119_placeholder[\/et_pb_text][\/et_pb_column][\/et_pb_row][\/et_pb_section]<\/p>\n","protected":false},"excerpt":{"rendered":"<p>[et_pb_section][et_pb_row][et_pb_column type=&#8221;4_4&#8243;][et_pb_text] 1. STAROSTNO OBDOBJE (1\u20132 LET ) * Vzgojiteljica: Cirila Robi\u010d * Pomo\u010dnica vzgojiteljice: Gabrijela Dvor\u0161ak &nbsp; \u0160OLSKO LETO 2025\/26 &nbsp; Toplo, igrivo in prav posebno dopoldne Za mamice, z ljubeznijo Na\u0161 marec \u2013 novi prijatelji, topli objemi doma in prvi pomladni cvetovi Zdravi zobki, veseli nasmehi Pustni torek Nor\u010davi pust Migamo, migamo&#8230;. Zdravnik [&hellip;]<\/p>\n","protected":false},"author":93153,"featured_media":386,"parent":0,"menu_order":4,"comment_status":"closed","ping_status":"closed","template":"","meta":{"_et_pb_use_builder":"off","_et_pb_old_content":"","_et_gb_content_width":"","ngg_post_thumbnail":0,"footnotes":""},"class_list":["post-381","page","type-page","status-publish","has-post-thumbnail","hentry"],"_links":{"self":[{"href":"https:\/\/vrtecpriosjakobskidol.splet.arnes.si\/index.php?rest_route=\/wp\/v2\/pages\/381","targetHints":{"allow":["GET"]}}],"collection":[{"href":"https:\/\/vrtecpriosjakobskidol.splet.arnes.si\/index.php?rest_route=\/wp\/v2\/pages"}],"about":[{"href":"https:\/\/vrtecpriosjakobskidol.splet.arnes.si\/index.php?rest_route=\/wp\/v2\/types\/page"}],"author":[{"embeddable":true,"href":"https:\/\/vrtecpriosjakobskidol.splet.arnes.si\/index.php?rest_route=\/wp\/v2\/users\/93153"}],"replies":[{"embeddable":true,"href":"https:\/\/vrtecpriosjakobskidol.splet.arnes.si\/index.php?rest_route=%2Fwp%2Fv2%2Fcomments&post=381"}],"version-history":[{"count":21,"href":"https:\/\/vrtecpriosjakobskidol.splet.arnes.si\/index.php?rest_route=\/wp\/v2\/pages\/381\/revisions"}],"predecessor-version":[{"id":33619,"href":"https:\/\/vrtecpriosjakobskidol.splet.arnes.si\/index.php?rest_route=\/wp\/v2\/pages\/381\/revisions\/33619"}],"wp:featuredmedia":[{"embeddable":true,"href":"https:\/\/vrtecpriosjakobskidol.splet.arnes.si\/index.php?rest_route=\/wp\/v2\/media\/386"}],"wp:attachment":[{"href":"https:\/\/vrtecpriosjakobskidol.splet.arnes.si\/index.php?rest_route=%2Fwp%2Fv2%2Fmedia&parent=381"}],"curies":[{"name":"wp","href":"https:\/\/api.w.org\/{rel}","templated":true}]}}